{"id":42,"date":"2017-06-20T00:00:44","date_gmt":"2017-06-19T22:00:44","guid":{"rendered":"http:\/\/parafiajadwigi.waw.pl\/?page_id=42"},"modified":"2026-02-10T17:52:00","modified_gmt":"2026-02-10T16:52:00","slug":"duszpasterze","status":"publish","type":"page","link":"https:\/\/parafiajadwigi.waw.pl\/index.php\/duszpasterze\/","title":{"rendered":"DUSZPASTERZE"},"content":{"rendered":"\t\t<div data-elementor-type=\"wp-post\" data-elementor-id=\"42\" class=\"elementor elementor-42\">\n\t\t\t\t\t\t<section class=\"elementor-section elementor-top-section elementor-element elementor-element-7f9f56bd elementor-section-boxed elementor-section-height-default elementor-section-height-default\" data-id=\"7f9f56bd\" data-element_type=\"section\" data-e-type=\"section\">\n\t\t\t\t\t\t<div class=\"elementor-container elementor-column-gap-default\">\n\t\t\t\t\t<div class=\"elementor-column elementor-col-100 elementor-top-column elementor-element elementor-element-6fa9e310\" data-id=\"6fa9e310\" data-element_type=\"column\" data-e-type=\"column\">\n\t\t\t<div class=\"elementor-widget-wrap elementor-element-populated\">\n\t\t\t\t\t\t<div class=\"elementor-element elementor-element-4a4595e3 elementor-widget elementor-widget-text-editor\" data-id=\"4a4595e3\" data-element_type=\"widget\" data-e-type=\"widget\" data-widget_type=\"text-editor.default\">\n\t\t\t\t<div class=\"elementor-widget-container\">\n\t\t\t\t\t\t\t\t\t<h3 style=\"text-align: center;\"><span style=\"color: #4054b2;\">KSI\u0118\u017bA POS\u0141UGUJ\u0104CY W PARAFII<\/span><\/h3><h5 style=\"text-align: center;\"><span style=\"color: #ffffff;\">***<\/span><\/h5><h5 style=\"text-align: center;\"><span style=\"color: #4054b2;\">PROBOSZCZ<\/span><\/h5><p>o. Sza\u0142aj Kazimierz SVD, od 01.08.2019<\/p><h5 style=\"text-align: center;\"><span style=\"color: #ffffff;\">***<\/span><span style=\"color: #ffffff;\">*<\/span><\/h5><h5 style=\"text-align: center;\"><span style=\"color: #4054b2;\">WIKARIUSZ<\/span><\/h5><p>o.Franciszek Kelen SVD, od 01.08.2023<\/p><h3 style=\"text-align: center;\"><span style=\"color: #800000;\"><br \/><span style=\"color: #4054b2;\">KSI\u0118\u017bA POPRZEDNIO POS\u0141UGUJ\u0104CY W PARAFII<\/span><\/span><\/h3><h5 style=\"text-align: center;\"><span style=\"color: #ffffff;\">***<\/span><\/h5><h5 style=\"text-align: center;\"><span style=\"color: #4054b2;\">PROBOSZCZOWIE<\/span><\/h5><p><a href=\"http:\/\/diecezja.waw.pl\/pasterze\/ks-janowski-andrzej-ambrozy\">\u2020<\/a> O. \u0141ukoszczyk Krzysztof SVD 01.08.2017-31.07.2019<\/p><p><a href=\"http:\/\/diecezja.waw.pl\/pasterze\/ks-rowicki-grzegorz\">Ks. Rowicki Grzegorz<\/a>, 21.04.2013\u200a\u201311.03.2016<\/p><p><a href=\"http:\/\/diecezja.waw.pl\/pasterze\/ks-knych-marek-adam\">Ks. Knych Marek Adam<\/a>, 04.07.2010\u200a\u2013\u200a21.04.2013<\/p><p><a href=\"http:\/\/diecezja.waw.pl\/pasterze\/ks-wasiak-miroslaw\">Ks. Wasiak Miros\u0142aw<\/a>, 26.06.2009\u200a\u2013\u200a24.06.2010<\/p><p><a href=\"http:\/\/diecezja.waw.pl\/pasterze\/ks-legutko-andrzej\">Ks. Legutko Andrzej<\/a>, 22.06.1994\u200a\u2013\u200a29.08.2009<\/p><p><a href=\"http:\/\/diecezja.waw.pl\/pasterze\/ks-zoch-chrabolowski-kazimierz\">Ks. Zoch-Chrabo\u0142owski Kazimierz<\/a>, 19.08.1991\u2013\u200a22.06.1994<\/p><p><a href=\"http:\/\/diecezja.waw.pl\/pasterze\/ks-janowski-andrzej-ambrozy\">\u2020 Ks. Janowski Andrzej Ambro\u017cy<\/a>, 03.10.1986\u200a\u201319.08.1991<\/p><p>Ks. Gorzkowski Zbigniew, 30.05.1973\u200a\u2013\u200a03.10.1986<\/p><p>\u2020 Ks. Grygielko Ryszard, 01.07.1970\u200a\u2013\u200a30.05.1973<\/p><p>Ks. Kruszy\u0144ski W\u0142adys\u0142aw, 15.11.1962\u200a\u2013\u200a01.07.1970<\/p><p>Ks. W\u0142odarczyk Franciszek, 06.07.1945\u200a\u201315.11.1962<\/p><p>Ks. Mecheda Jan, 30.06.1930\u200a\u2013\u200a06.07.1945<\/p><p>Ks. Kossakowski Marceli, 22.10.1921\u2013\u200a30.06.1930<\/p><h5 style=\"text-align: center;\"><span style=\"color: #ffffff;\">***<\/span><\/h5><hr \/><h5 style=\"text-align: center;\"><span style=\"color: #4054b2;\">ADMINISTRATORZY<\/span><\/h5><p><a href=\"http:\/\/diecezja.waw.pl\/pasterze\/ks-bochenski-wieslaw-marian\">Ks. Boche\u0144ski Wies\u0142aw Marian<\/a>, 11.03.2016\u200a\u2013\u200a01.08.2017<\/p><p>Ks. Trzepa\u0142ko Jan, 1920\u200a\u2013\u200a22.10.1921<\/p><h5 style=\"text-align: center;\"><span style=\"color: #ffffff;\">***<\/span><\/h5><p style=\"text-align: center;\"><strong><span style=\"color: #4054b2;\">WIKARIUSZE<\/span><\/strong><\/p><p>o. Hounake Eric Kossi SVD, od 01.08.2017 \u2013 01.08.2023<\/p><p><a href=\"http:\/\/diecezja.waw.pl\/pasterze\/ks-hasior-konrad\">Ks. Hasior Konrad<\/a>, 26.08.2012\u200a\u2013\u200a06.09.2016<\/p><p><a href=\"http:\/\/diecezja.waw.pl\/pasterze\/ks-urbanczyk-jan\">Ks. Urba\u0144czyk Jan<\/a>, 19.08.1991\u2013\u200a27.06.1992<\/p><p>Ks. Gorgo\u0144 Jan, 15.05.1976\u200a\u201318.01.1977<\/p><p>Ks. Papierowski Andrzej, 20.05.1975\u200a\u201315.05.1976<\/p><p>\u2020 Ks. Gajdel Sykstus CFD, 08.06.1974\u200a\u2013\u200a20.05.1975<\/p><p>Ks. Andrzejewski Eugeniusz RM, 10.06.1972\u200a\u2013\u200a08.06.1974<\/p><p>Ks. Zieli\u0144ski Jan, 22.08.1970\u200a\u201310.06.1972<\/p><p><a href=\"http:\/\/diecezja.waw.pl\/pasterze\/ks-gastolek-jan\">Ks. Gasto\u0142ek Jan<\/a>, 10.06.1970\u200a\u201314.07.1970<\/p><p>\u2020 Ks. Grygielko Ryszard, 21.06.1969\u200a\u2013\u200a01.07.1970<\/p><p><a href=\"http:\/\/diecezja.waw.pl\/pasterze\/ks-nowosielski-wieslaw-daniel\">Ks. Nowosielski Wies\u0142aw Daniel<\/a>, 10.06.1968\u200a\u2013\u200a21.06.1969<\/p><p>Ks. Kraszewski Tadeusz, 20.06.1967\u200a\u2013\u200a30.12.1967<\/p><p>Ks. \u017b\u00f3\u0142kiewski Henryk, 15.06.1966\u200a\u2013\u200a20.06.1967<\/p><p>Ks. Dubielak Wies\u0142aw, 29.09.1965\u200a\u201315.06.1966<\/p><p>Ks. Nowak Czes\u0142aw, 18.11.1964\u200a\u2013\u200a29.09.1965<\/p><p><a href=\"http:\/\/diecezja.waw.pl\/pasterze\/ks-krupski-stanislaw\">\u2020 Ks. Krupski Stanis\u0142aw<\/a>, 16.06.1964\u200a\u2013\u200a09.11.1964<\/p><p>\u2020 Ks. Biedrzycki Antoni, 20.05.1939\u200a\u2013\u200a23.02.1945<\/p><p>Ks. Nagadowski Stanis\u0142aw, 1938\u200a\u2013\u200a20.05.1939<\/p><p>Ks. Fatek Jan, 1937\u200a\u20131938<\/p><p>Ks. Strza\u0142kowski Zygmunt, 1936\u200a\u20131937<\/p><p>Ks. Jakubiec Czes\u0142aw, 1935\u200a\u20131936<\/p><p>Ks. Strza\u0142kowski Zygmunt, 1934\u200a\u20131935<\/p><p>\u2020 Ks. Kropiewnicki J\u00f3zef, 1933\u200a\u20131934<\/p><h5 style=\"text-align: center;\"><span style=\"color: #ffffff;\">***<\/span><\/h5><hr \/><h5 style=\"text-align: center;\"><span style=\"color: #4054b2;\">PREFEKT<\/span><\/h5><p style=\"text-align: left;\">Ks. Nowak Miros\u0142aw, 19.08.1991\u20131992<\/p><h5 style=\"text-align: center;\"><span style=\"color: #ffffff;\">***<\/span><\/h5><hr \/><h5 style=\"text-align: center;\"><span style=\"color: #4054b2;\">REZYDENCI<\/span><\/h5><div><p><a href=\"http:\/\/diecezja.waw.pl\/pasterze\/ks-stanaszek-mariusz-maksymilian\">Ks. Stanaszek Mariusz Maksymilian<\/a>, 01.10.2011\u2013\u200a26.08.2012<\/p><p><a href=\"http:\/\/diecezja.waw.pl\/pasterze\/ks-janiszewski-bronislaw\">Ks. Janiszewski Bronis\u0142aw<\/a>, 29.08.2009\u200a\u2013\u200a31.07.2010<\/p><p>Ks. Gosik Mariusz Andrzej, 15.09.2008\u200a\u2013\u200a29.08.2009<\/p><p><a href=\"http:\/\/diecezja.waw.pl\/pasterze\/ks-skwarski-dariusz\">Ks. Skwarski Dariusz<\/a>, 18.06.2002\u200a\u2013\u200a27.04.2008<\/p><h5 style=\"text-align: center;\"><span style=\"color: #ffffff;\">***<\/span><\/h5><hr \/><h5 style=\"text-align: center;\"><span style=\"color: #4054b2;\">POMAGAJ\u0104CY DUSZPASTERSKO<\/span><\/h5><p>Ks. Walendzik Andrzej, 02.1970\u200a\u20131972<\/p><\/div>\t\t\t\t\t\t\t\t<\/div>\n\t\t\t\t<\/div>\n\t\t\t\t\t<\/div>\n\t\t<\/div>\n\t\t\t\t\t<\/div>\n\t\t<\/section>\n\t\t\t\t<\/div>\n\t\t","protected":false},"excerpt":{"rendered":"<p>KSI\u0118\u017bA POS\u0141UGUJ\u0104CY W PARAFII *** PROBOSZCZ o. Sza\u0142aj Kazimierz SVD, od 01.08.2019 **** WIKARIUSZ o.Franciszek Kelen SVD, od 01.08.2023 KSI\u0118\u017bA POPRZEDNIO POS\u0141UGUJ\u0104CY W PARAFII *** PROBOSZCZOWIE \u2020 O. \u0141ukoszczyk Krzysztof SVD 01.08.2017-31.07.2019 Ks. Rowicki &hellip;<\/p>\n","protected":false},"author":1,"featured_media":0,"parent":0,"menu_order":0,"comment_status":"closed","ping_status":"closed","template":"","meta":{"footnotes":""},"class_list":["post-42","page","type-page","status-publish","hentry"],"yoast_head":"<!-- This site is optimized with the Yoast SEO plugin v27.4 - https:\/\/yoast.com\/product\/yoast-seo-wordpress\/ -->\n<title>DUSZPASTERZE - \u015aw. Jadwiga \u015al\u0105ska<\/title>\n<meta name=\"robots\" content=\"index, follow, max-snippet:-1, max-image-preview:large, max-video-preview:-1\" \/>\n<link rel=\"canonical\" href=\"https:\/\/parafiajadwigi.waw.pl\/index.php\/duszpasterze\/\" \/>\n<meta property=\"og:locale\" content=\"pl_PL\" \/>\n<meta property=\"og:type\" content=\"article\" \/>\n<meta property=\"og:title\" content=\"DUSZPASTERZE - \u015aw. Jadwiga \u015al\u0105ska\" \/>\n<meta property=\"og:description\" content=\"KSI\u0118\u017bA POS\u0141UGUJ\u0104CY W PARAFII *** PROBOSZCZ o. Sza\u0142aj Kazimierz SVD, od 01.08.2019 **** WIKARIUSZ o.Franciszek Kelen SVD, od 01.08.2023 KSI\u0118\u017bA POPRZEDNIO POS\u0141UGUJ\u0104CY W PARAFII *** PROBOSZCZOWIE \u2020 O. \u0141ukoszczyk Krzysztof SVD 01.08.2017-31.07.2019 Ks. Rowicki &hellip;\" \/>\n<meta property=\"og:url\" content=\"https:\/\/parafiajadwigi.waw.pl\/index.php\/duszpasterze\/\" \/>\n<meta property=\"og:site_name\" content=\"\u015aw. Jadwiga \u015al\u0105ska\" \/>\n<meta property=\"article:modified_time\" content=\"2026-02-10T16:52:00+00:00\" \/>\n<meta name=\"twitter:card\" content=\"summary_large_image\" \/>\n<meta name=\"twitter:label1\" content=\"Szacowany czas czytania\" \/>\n\t<meta name=\"twitter:data1\" content=\"2 minuty\" \/>\n<script type=\"application\/ld+json\" class=\"yoast-schema-graph\">{\"@context\":\"https:\\\/\\\/schema.org\",\"@graph\":[{\"@type\":\"WebPage\",\"@id\":\"https:\\\/\\\/parafiajadwigi.waw.pl\\\/index.php\\\/duszpasterze\\\/\",\"url\":\"https:\\\/\\\/parafiajadwigi.waw.pl\\\/index.php\\\/duszpasterze\\\/\",\"name\":\"DUSZPASTERZE - \u015aw. Jadwiga \u015al\u0105ska\",\"isPartOf\":{\"@id\":\"https:\\\/\\\/parafiajadwigi.waw.pl\\\/#website\"},\"datePublished\":\"2017-06-19T22:00:44+00:00\",\"dateModified\":\"2026-02-10T16:52:00+00:00\",\"breadcrumb\":{\"@id\":\"https:\\\/\\\/parafiajadwigi.waw.pl\\\/index.php\\\/duszpasterze\\\/#breadcrumb\"},\"inLanguage\":\"pl-PL\",\"potentialAction\":[{\"@type\":\"ReadAction\",\"target\":[\"https:\\\/\\\/parafiajadwigi.waw.pl\\\/index.php\\\/duszpasterze\\\/\"]}]},{\"@type\":\"BreadcrumbList\",\"@id\":\"https:\\\/\\\/parafiajadwigi.waw.pl\\\/index.php\\\/duszpasterze\\\/#breadcrumb\",\"itemListElement\":[{\"@type\":\"ListItem\",\"position\":1,\"name\":\"Strona g\u0142\u00f3wna\",\"item\":\"https:\\\/\\\/parafiajadwigi.waw.pl\\\/\"},{\"@type\":\"ListItem\",\"position\":2,\"name\":\"DUSZPASTERZE\"}]},{\"@type\":\"WebSite\",\"@id\":\"https:\\\/\\\/parafiajadwigi.waw.pl\\\/#website\",\"url\":\"https:\\\/\\\/parafiajadwigi.waw.pl\\\/\",\"name\":\"\u015aw. Jadwiga \u015al\u0105ska\",\"description\":\"Witamy\",\"publisher\":{\"@id\":\"https:\\\/\\\/parafiajadwigi.waw.pl\\\/#organization\"},\"potentialAction\":[{\"@type\":\"SearchAction\",\"target\":{\"@type\":\"EntryPoint\",\"urlTemplate\":\"https:\\\/\\\/parafiajadwigi.waw.pl\\\/?s={search_term_string}\"},\"query-input\":{\"@type\":\"PropertyValueSpecification\",\"valueRequired\":true,\"valueName\":\"search_term_string\"}}],\"inLanguage\":\"pl-PL\"},{\"@type\":\"Organization\",\"@id\":\"https:\\\/\\\/parafiajadwigi.waw.pl\\\/#organization\",\"name\":\"Parafia \u015awi\u0119tej Jadwigi \u015alaskiej\",\"url\":\"https:\\\/\\\/parafiajadwigi.waw.pl\\\/\",\"logo\":{\"@type\":\"ImageObject\",\"inLanguage\":\"pl-PL\",\"@id\":\"https:\\\/\\\/parafiajadwigi.waw.pl\\\/#\\\/schema\\\/logo\\\/image\\\/\",\"url\":\"https:\\\/\\\/parafiajadwigi.waw.pl\\\/wp-content\\\/uploads\\\/2017\\\/06\\\/logooo_Jadwiga.png\",\"contentUrl\":\"https:\\\/\\\/parafiajadwigi.waw.pl\\\/wp-content\\\/uploads\\\/2017\\\/06\\\/logooo_Jadwiga.png\",\"width\":1640,\"height\":2808,\"caption\":\"Parafia \u015awi\u0119tej Jadwigi \u015alaskiej\"},\"image\":{\"@id\":\"https:\\\/\\\/parafiajadwigi.waw.pl\\\/#\\\/schema\\\/logo\\\/image\\\/\"}}]}<\/script>\n<!-- \/ Yoast SEO plugin. -->","yoast_head_json":{"title":"DUSZPASTERZE - \u015aw. Jadwiga \u015al\u0105ska","robots":{"index":"index","follow":"follow","max-snippet":"max-snippet:-1","max-image-preview":"max-image-preview:large","max-video-preview":"max-video-preview:-1"},"canonical":"https:\/\/parafiajadwigi.waw.pl\/index.php\/duszpasterze\/","og_locale":"pl_PL","og_type":"article","og_title":"DUSZPASTERZE - \u015aw. Jadwiga \u015al\u0105ska","og_description":"KSI\u0118\u017bA POS\u0141UGUJ\u0104CY W PARAFII *** PROBOSZCZ o. Sza\u0142aj Kazimierz SVD, od 01.08.2019 **** WIKARIUSZ o.Franciszek Kelen SVD, od 01.08.2023 KSI\u0118\u017bA POPRZEDNIO POS\u0141UGUJ\u0104CY W PARAFII *** PROBOSZCZOWIE \u2020 O. \u0141ukoszczyk Krzysztof SVD 01.08.2017-31.07.2019 Ks. Rowicki &hellip;","og_url":"https:\/\/parafiajadwigi.waw.pl\/index.php\/duszpasterze\/","og_site_name":"\u015aw. Jadwiga \u015al\u0105ska","article_modified_time":"2026-02-10T16:52:00+00:00","twitter_card":"summary_large_image","twitter_misc":{"Szacowany czas czytania":"2 minuty"},"schema":{"@context":"https:\/\/schema.org","@graph":[{"@type":"WebPage","@id":"https:\/\/parafiajadwigi.waw.pl\/index.php\/duszpasterze\/","url":"https:\/\/parafiajadwigi.waw.pl\/index.php\/duszpasterze\/","name":"DUSZPASTERZE - \u015aw. Jadwiga \u015al\u0105ska","isPartOf":{"@id":"https:\/\/parafiajadwigi.waw.pl\/#website"},"datePublished":"2017-06-19T22:00:44+00:00","dateModified":"2026-02-10T16:52:00+00:00","breadcrumb":{"@id":"https:\/\/parafiajadwigi.waw.pl\/index.php\/duszpasterze\/#breadcrumb"},"inLanguage":"pl-PL","potentialAction":[{"@type":"ReadAction","target":["https:\/\/parafiajadwigi.waw.pl\/index.php\/duszpasterze\/"]}]},{"@type":"BreadcrumbList","@id":"https:\/\/parafiajadwigi.waw.pl\/index.php\/duszpasterze\/#breadcrumb","itemListElement":[{"@type":"ListItem","position":1,"name":"Strona g\u0142\u00f3wna","item":"https:\/\/parafiajadwigi.waw.pl\/"},{"@type":"ListItem","position":2,"name":"DUSZPASTERZE"}]},{"@type":"WebSite","@id":"https:\/\/parafiajadwigi.waw.pl\/#website","url":"https:\/\/parafiajadwigi.waw.pl\/","name":"\u015aw. Jadwiga \u015al\u0105ska","description":"Witamy","publisher":{"@id":"https:\/\/parafiajadwigi.waw.pl\/#organization"},"potentialAction":[{"@type":"SearchAction","target":{"@type":"EntryPoint","urlTemplate":"https:\/\/parafiajadwigi.waw.pl\/?s={search_term_string}"},"query-input":{"@type":"PropertyValueSpecification","valueRequired":true,"valueName":"search_term_string"}}],"inLanguage":"pl-PL"},{"@type":"Organization","@id":"https:\/\/parafiajadwigi.waw.pl\/#organization","name":"Parafia \u015awi\u0119tej Jadwigi \u015alaskiej","url":"https:\/\/parafiajadwigi.waw.pl\/","logo":{"@type":"ImageObject","inLanguage":"pl-PL","@id":"https:\/\/parafiajadwigi.waw.pl\/#\/schema\/logo\/image\/","url":"https:\/\/parafiajadwigi.waw.pl\/wp-content\/uploads\/2017\/06\/logooo_Jadwiga.png","contentUrl":"https:\/\/parafiajadwigi.waw.pl\/wp-content\/uploads\/2017\/06\/logooo_Jadwiga.png","width":1640,"height":2808,"caption":"Parafia \u015awi\u0119tej Jadwigi \u015alaskiej"},"image":{"@id":"https:\/\/parafiajadwigi.waw.pl\/#\/schema\/logo\/image\/"}}]}},"_links":{"self":[{"href":"https:\/\/parafiajadwigi.waw.pl\/index.php\/wp-json\/wp\/v2\/pages\/42","targetHints":{"allow":["GET"]}}],"collection":[{"href":"https:\/\/parafiajadwigi.waw.pl\/index.php\/wp-json\/wp\/v2\/pages"}],"about":[{"href":"https:\/\/parafiajadwigi.waw.pl\/index.php\/wp-json\/wp\/v2\/types\/page"}],"author":[{"embeddable":true,"href":"https:\/\/parafiajadwigi.waw.pl\/index.php\/wp-json\/wp\/v2\/users\/1"}],"replies":[{"embeddable":true,"href":"https:\/\/parafiajadwigi.waw.pl\/index.php\/wp-json\/wp\/v2\/comments?post=42"}],"version-history":[{"count":22,"href":"https:\/\/parafiajadwigi.waw.pl\/index.php\/wp-json\/wp\/v2\/pages\/42\/revisions"}],"predecessor-version":[{"id":16202,"href":"https:\/\/parafiajadwigi.waw.pl\/index.php\/wp-json\/wp\/v2\/pages\/42\/revisions\/16202"}],"wp:attachment":[{"href":"https:\/\/parafiajadwigi.waw.pl\/index.php\/wp-json\/wp\/v2\/media?parent=42"}],"curies":[{"name":"wp","href":"https:\/\/api.w.org\/{rel}","templated":true}]}}