{"id":3993,"date":"2019-05-27T10:44:29","date_gmt":"2019-05-27T08:44:29","guid":{"rendered":"https:\/\/parafiajadwigi.waw.pl\/?page_id=3993"},"modified":"2023-02-13T19:32:21","modified_gmt":"2023-02-13T18:32:21","slug":"historia-2","status":"publish","type":"page","link":"https:\/\/parafiajadwigi.waw.pl\/index.php\/historia-2\/","title":{"rendered":"HISTORIA"},"content":{"rendered":"\t\t<div data-elementor-type=\"wp-post\" data-elementor-id=\"3993\" class=\"elementor elementor-3993\">\n\t\t\t\t\t\t<section class=\"elementor-section elementor-top-section elementor-element elementor-element-4b8a123 elementor-section-boxed elementor-section-height-default elementor-section-height-default\" data-id=\"4b8a123\" data-element_type=\"section\" data-e-type=\"section\">\n\t\t\t\t\t\t<div class=\"elementor-container elementor-column-gap-default\">\n\t\t\t\t\t<div class=\"elementor-column elementor-col-100 elementor-top-column elementor-element elementor-element-6b83805\" data-id=\"6b83805\" data-element_type=\"column\" data-e-type=\"column\">\n\t\t\t<div class=\"elementor-widget-wrap elementor-element-populated\">\n\t\t\t\t\t\t<div class=\"elementor-element elementor-element-4995abb elementor-widget elementor-widget-text-editor\" data-id=\"4995abb\" data-element_type=\"widget\" data-e-type=\"widget\" data-widget_type=\"text-editor.default\">\n\t\t\t\t<div class=\"elementor-widget-container\">\n\t\t\t\t\t\t\t\t\t<h1>Historia parafii Rzymsko-Katolickiej pw. \u015aw Jadwigi \u015al\u0105skiej w Warszawie przedstawia si\u0119 nast\u0119puj\u0105co:<\/h1>\n<p>\u00a0<\/p>\t\t\t\t\t\t\t\t<\/div>\n\t\t\t\t<\/div>\n\t\t\t\t\t<\/div>\n\t\t<\/div>\n\t\t\t\t\t<\/div>\n\t\t<\/section>\n\t\t\t\t<section class=\"elementor-section elementor-top-section elementor-element elementor-element-21a34ac2 elementor-section-boxed elementor-section-height-default elementor-section-height-default\" data-id=\"21a34ac2\" data-element_type=\"section\" data-e-type=\"section\">\n\t\t\t\t\t\t<div class=\"elementor-container elementor-column-gap-default\">\n\t\t\t\t\t<div class=\"elementor-column elementor-col-100 elementor-top-column elementor-element elementor-element-520a19d3\" data-id=\"520a19d3\" data-element_type=\"column\" data-e-type=\"column\">\n\t\t\t<div class=\"elementor-widget-wrap elementor-element-populated\">\n\t\t\t\t\t\t<div class=\"elementor-element elementor-element-30c2f4b8 elementor-widget elementor-widget-text-editor\" data-id=\"30c2f4b8\" data-element_type=\"widget\" data-e-type=\"widget\" data-widget_type=\"text-editor.default\">\n\t\t\t\t<div class=\"elementor-widget-container\">\n\t\t\t\t\t\t\t\t\t\n<p>Ko\u015bci\u00f3\u0142 pod wezwaniem \u015bw. Jadwigi powsta\u0142 w latach 1920-1921 jako drewniany barak, na terenie darowanym przez ks. Mari\u0119 Radziwi\u0142\u0142ow\u0105 i pa\u0144stwa Gr\u0119dzickich. Kardyna\u0142 Kakowski, podczas wizyty na Pelcowi\u017anie zgodzi\u0142 si\u0119 na budow\u0119 \u015bwi\u0105tyni. W jego utworzenie niema\u0142y wk\u0142ad mieli mieszka\u0144cy tamtych teren\u00f3w. W 1920 na Pelcowizn\u0119 przyby\u0142 zaproszony przez ksi\u0119\u017cn\u0119 Ann\u0119 Radziwi\u0142\u0142ow\u0105 kard. Aleksander Kakowski. Zebrali si\u0119 okoliczni mieszka\u0144cy oraz duchowie\u0144stwo wraz z proboszczem parafii Matki Bo\u017cej R\u00f3\u017ca\u0144cowej. Ksi\u0119dza Kardyna\u0142a poproszono o mianowanie kap\u0142ana, kt\u00f3ry zaj\u0105\u0142by si\u0119 budow\u0105 ko\u015bcio\u0142a. Zaledwie w ci\u0105gu sze\u015bciu miesi\u0119cy postawiono kaplic\u0119-barak mieszcz\u0105cy 1,5 tys. wiernych. 17 pa\u017adziernika 1920 roku ko\u015bci\u00f3\u0142 po\u015bwi\u0119ci\u0142 ks. Zygmunt \u0141ubie\u0144ski. Wyposa\u017cenie podarowali ko\u015bcio\u0142owi parafianie.<br \/>W 1929 zbudowano siedmiog\u0142osowe organy przez firm\u0119 Biernacki.<br \/>Niezale\u017cna parafia pod wezwaniem \u015bw. Jadwigi zosta\u0142a erygowana 22 pa\u017adziernika 1921 roku. Dekretem z dnia 10 lipca 1925 roku Jego Eminencja Ks. Kardyna\u0142 Aleksander Kakowski uczyni\u0142 parafi\u0119 \u015awi\u0119tej Jadwigi w Warszawie ca\u0142kowicie niezale\u017cn\u0105 od parafii M. Boskiej R\u00f3\u017ca\u0144cowej w Warszawie.<br \/>5 czerwca 1938 roku w tutejszej parafii odby\u0142a si\u0119 wizytacja kanoniczna. Wizytacj\u0119 przeprowadzi\u0142 Jego Ekselencja Ks. Dr Stanis\u0142aw Gall Arcybiskup-Sufragan Warszawski Asystent Tronu Papieskiego. Od 11 do 18 kwietnia 1966 roku &#8211; zgodnie z zarz\u0105dzeniem Kurii Metropolitalnej &#8211; parafia obchodzi\u0142a Tydzie\u0144 Tysi\u0105clecia.<br \/>W latach 30. ubieg\u0142ego stulecia sporz\u0105dzono plany nowego ko\u015bcio\u0142a. Niestety sp\u0142on\u0119\u0142y one w po\u017carze plebanii.<br \/>Kaplica w czasie II wojny \u015bwiatowej uleg\u0142a powa\u017cnej dewastacji, a plebania spali\u0142a si\u0119 doszcz\u0119tnie. W 1944 ko\u015bci\u00f3\u0142 zosta\u0142 zniszczony przez ostrza\u0142, a wyposa\u017cenie wywieziono do ko\u015bcio\u0142a MB R\u00f3\u017ca\u0144cowej na Br\u00f3dnie.\u00a0 Z 5 tys. parafian pozosta\u0142o zaledwie 500 os\u00f3b, praktycznie bez \u015brodk\u00f3w do \u017cycia. Zdecydowano o przewiezieniu sprz\u0119t\u00f3w ko\u015bcielnych do tymczasowej kaplicy przy ul. Poborza\u0144skiej 33. Wkr\u00f3tce mieszka\u0144cy utworzyli \u201eRad\u0119 Opieku\u0144cz\u0105 Ko\u015bcio\u0142a \u015bw. Jadwigi\u201d i odnowili zniszczony ko\u015bci\u00f3\u0142. Parafia zacz\u0119\u0142a si\u0119 rozrasta\u0107, kiedy wok\u00f3\u0142 du\u017cych zak\u0142ad\u00f3w jak fabryka FSO czy Polfa zacz\u0119\u0142y powstawa\u0107 hotele robotnicze.<br \/>Od 11 do 18 kwietnia 1966 roku &#8211; zgodnie z zarz\u0105dzeniem Kurii Metropolitalnej &#8211; parafia obchodzi\u0142a Tydzie\u0144 Tysi\u0105clecia. Dzie\u0144 14 kwietnia obchodzony by\u0142 jako Historyczny Dzie\u0144 Chrztu \u015awi\u0119tego naszego Narodu i w tym dniu obchodzono uroczyste &#8222;Te Deum ca\u0142ego Narodu&#8221;. Od 16 do 24 kwietnia odby\u0142y si\u0119 \u015awi\u0119te Misje Tysi\u0105clecia. Misj\u0119 przeprowadzili O. Redemptory\u015bci z Warszawy. Krzy\u017c misyjny ufundowa\u0142 Piotr Zadro\u017cny z \u017berania. 16 pa\u017adziernika 1966 roku odby\u0142a si\u0119 uroczysto\u015b\u0107 milenijna &#8222;Parafialne Te Deum Tysi\u0105clecia&#8221; na kt\u00f3r\u0105 delegacja przywioz\u0142a relikwie \u015bw. Jadwigi z Trzebnicy k. Wroc\u0142awia.<\/p>\n\n<p>Obecny ko\u015bci\u00f3\u0142 w parafii \u015bw. Jadwigi budowany by\u0142 etapami. Prace rozpocz\u0105\u0142 w 1969 r. ks. Ryszard Grygie\u0142ko. W\u0142a\u015bciwie pozwolenie w\u0142adz zezwala\u0142o tylko na remont starej, mocno zniszczonej kaplicy, kt\u00f3ra nadawa\u0142a si\u0119 tylko do rozbi\u00f3rki. Ks. Grygielko potajemnie rozpocz\u0105\u0142 wi\u0119c budow\u0119 nowego ko\u015bcio\u0142a. W lipcu 1970 r. w\u0142adze wstrzyma\u0142y prace. Budow\u0119 uko\u0144czono rok p\u00f3\u017aniej. Wreszcie ko\u015bci\u00f3\u0142 zosta\u0142 obmurowany p\u00f3\u017aniej staraniem mieszka\u0144c\u00f3w \u017berania, Pelcowizny i \u015aliwic wg proj. Hugona Kudera w 1970.<br \/>W uroczysto\u015b\u0107 jubileuszu pi\u0119\u0107dziesi\u0119ciolecia istnienia parafii 19 wrze\u015bnia 1971 roku Jego Eminencja Ks. Kardyna\u0142 Prymas Stefan Wyszy\u0144ski dokona\u0142 po\u015bwi\u0119cenia nowej \u015bwi\u0105tyni oddanej Chrystusowi Kr\u00f3lowi Pokoju.<br \/>24 maja 1972 roku go\u015bci\u0142 ponownie w parafii Jego Eminencja Ks. Kardyna\u0142 Prymas Stefan Wyszy\u0144ski, kt\u00f3ry przyby\u0142 na zjazd koleg\u00f3w kursowych z okazji \u00f3smych \u015bwi\u0119ce\u0144 kap\u0142a\u0144skich \u00f3wczesnego proboszcza ks. Ryszarda Grygielko.<\/p>\n\n<p>Cho\u0107 parafii patronuje \u015bw. Jadwiga, ko\u015bci\u00f3\u0142 nosi wezwanie Jezusa Chrystusa Kr\u00f3la Pokoju. W o\u0142tarzu g\u0142\u00f3wnym znajduje si\u0119 krzy\u017c z postaci\u0105 Chrystusa, a pod nim obraz Matki Bo\u017cej Nieustaj\u0105cej Pomocy. Wizerunek \u015bw. Jadwigi umieszczony jest na lewej bocznej \u015bcianie prezbiterium.<\/p>\n\n<p>Ko\u015bci\u00f3\u0142 w parafii \u015bw. Jadwigi odgrywa\u0142 istotn\u0105 rol\u0119 w czasie tworzenia si\u0119 \u201eSolidarno\u015bci\u201d. 27 kwietnia 1973 roku parafi\u0119 odwiedzi\u0142 przebywaj\u0105cy w Polsce Ksi\u0105dz Kardyna\u0142 A. Tabera &#8211; Prefekt Kongregacji Kultu Bo\u017cego w Rzymie. Wizyt\u0119 z\u0142o\u017cy\u0142 wraz z sekretarzem Episkopatu Polski Ks. Biskupem Bronis\u0142awem D\u0105browskim. 23 marca 1976 roku po\u015bwi\u0119cono now\u0105 Drog\u0119 Krzy\u017cow\u0105 wykonan\u0105 przez rze\u017abiark\u0119 z Warszawy. Po\u015bwi\u0119cenia dokona\u0142 Jego Eminencja Ks. Kardyna\u0142 Prymas Stefan Wyszy\u0144ski.<\/p>\n\n<p>21 wrze\u015bnia 1981 roku zosta\u0142 w tym ko\u015bciele po\u015bwi\u0119cony sztandar &#8222;Solidarno\u015bci&#8221; FSO Warszawa. Po\u015bwi\u0119cenia dokona\u0142 ks. Jerzy Popie\u0142uszko. W ko\u015bciele \u015aw. Jadwigi, w czasie stanu wojennego &#8211; w grudniu 1981 roku, powsta\u0142 jeden z punkt\u00f3w utworzonego na Pradze P\u00f3\u0142noc Prymasowskiego Komitetu Pomocy Uwi\u0119zionym. W lipcu, po amnestii, zmieni\u0142 on nazw\u0119 na &#8222;Prymasowski Komitet Charytatywno &#8211; Spo\u0142eczny&#8221;. 2 kwietnia 1989 roku odby\u0142a si\u0119 uroczysto\u015b\u0107 konsekracji nowego 300 &#8211; kilogramowego dzwonu &#8222;Jadwiga&#8221;, kt\u00f3rego fundatorami byli parafianie wraz z Proboszczem. Konsekracji dokona\u0142 Ks. Kardyna\u0142 J\u00f3zef Glemp Prymas Polski. \u0179r\u00f3d\u0142a:<\/p>\n\t\t\t\t\t\t\t\t<\/div>\n\t\t\t\t<\/div>\n\t\t\t\t\t<\/div>\n\t\t<\/div>\n\t\t\t\t\t<\/div>\n\t\t<\/section>\n\t\t\t\t<section class=\"elementor-section elementor-top-section elementor-element elementor-element-c6f0a7b elementor-section-boxed elementor-section-height-default elementor-section-height-default\" data-id=\"c6f0a7b\" data-element_type=\"section\" data-e-type=\"section\">\n\t\t\t\t\t\t<div class=\"elementor-container elementor-column-gap-default\">\n\t\t\t\t\t<div class=\"elementor-column elementor-col-100 elementor-top-column elementor-element elementor-element-25f51e4\" data-id=\"25f51e4\" data-element_type=\"column\" data-e-type=\"column\">\n\t\t\t<div class=\"elementor-widget-wrap elementor-element-populated\">\n\t\t\t\t\t\t<div class=\"elementor-element elementor-element-947ae4e elementor-widget elementor-widget-text-editor\" data-id=\"947ae4e\" data-element_type=\"widget\" data-e-type=\"widget\" data-widget_type=\"text-editor.default\">\n\t\t\t\t<div class=\"elementor-widget-container\">\n\t\t\t\t\t\t\t\t\t<p style=\"padding-left: 60px;\">1920 &#8211; Wiosn\u0105 JE ks. kard. Aleksander Kakowski poleci\u0142 wybudowa\u0107 prowizoryczny ko\u015bci\u00f3\u0142 w miejscu, w kt\u00f3rym znajduje si\u0119 obecna \u015bwi\u0105tynia. Prac\u0105 kierowa\u0142 miejscowy prefekt ks. Jan Trzepa\u0142ko.<br \/>1920 &#8211; 17 pa\u017adziernika ko\u015bci\u00f3\u0142 po\u015bwi\u0119ci\u0142 ks. pra\u0142at Zygmunt<br \/>Lubie\u0144ski.<\/p>\n<p><!-- \/wp:heading --><!-- wp:heading --><\/p>\n<p>1921 &#8211; 22 pa\u017adziernika JE ks.kard. Aleksander Kakowski erygowa\u0142 parafi\u0119 na Pelcowi\u017anie, teren obecnego \u017berania pw. \u015awi\u0119tej Jadwigi \u015al\u0105skiej, proboszczem zosta\u0142 ks. Marceli Kossakowski. By\u0142 on duszpasterzem parafii przez 9 lat.<br \/>1924 &#8211;\u00a0Ks. proboszcz Marceli Kossakowski rozpocz\u0105\u0142 budow\u0119 Murowanej plebanii.<br \/>1928 &#8211;\u00a0Plebania zosta\u0142a oddana do u\u017cytku, ale podczas dzia\u0142a\u0144 wojennych w 1944 &#8211; 1945 plebania zosta\u0142a zniszczona, a ksi\u0119gi parafialne zagin\u0119\u0142y.<br \/>1929 &#8211; Zbudowano nowe siedmio-g\u0142osowe organy firmy Biernacki.<br \/>1930 &#8211; 19 sierpnia proboszczem parafii zosta\u0142 ks. Jan Macheta, by\u0142 duszpasterzem parafii przez 15 lat.<br \/>1945 &#8211; Po zako\u0144czeniu dzia\u0142a\u0144 wojennych zniszczon\u0105 plac\u00f3wk\u0119 obj\u0105\u0142 ks.proboszcz Franciszek W\u0142odarczyk, kt\u00f3ry podczas swojej d\u0142ugoletniej pracy w parafii odremontowa\u0142 ko\u015bci\u00f3\u0142 i plebani\u0119.<br \/>1962 &#8211; 16 grudnia proboszczem zosta\u0142 mianowany ksi\u0105dz<br \/>W\u0142adys\u0142aw Kruszy\u0144ski.<br \/>1966 &#8211; 16 pa\u017adziernika w roku Millenium sprowadzono z Trzebnicy na \u015al\u0105sku relikwie \u015awi\u0119tej Jadwigi \u015al\u0105skiej, patronki parafii.<br \/>1968 &#8211; Parafia \u015awi\u0119tej Jadwigi otrzyma\u0142a zgod\u0119 na kapitalny remont.<br \/>1969 &#8211; W czerwcu w\u0142adza Archidiecezjalna poleci\u0142a budow\u0119 nowego ko\u015bcio\u0142a ks.Ryszardowi Grygie\u0142ko, ze wzgl\u0119du na z\u0142y stan prowizorycznego ko\u015bcio\u0142a, budow\u0119 rozpocz\u0119to natychmiast.<br \/>1970 &#8211;\u00a0 Ks. Ryszard Grygie\u0142ko budowniczy ko\u015bcio\u0142a zosta\u0142 proboszczem parafii<br \/>1971 &#8211;\u00a019 wrze\u015bnia, w pi\u0119\u0107dziesi\u0105t\u0105 rocznic\u0119 istnienia parafii, odby\u0142o si\u0119 uroczyste po\u015bwi\u0119cenie nowo wybudowanego ko\u015bcio\u0142a. Po\u015bwiecenia dokona\u0142 prymas polski JE ks. Kardyna\u0142 Stefan Wyszy\u0144ski przy udziale JE ks. biskupa Jerzego Modzelewskiego i ks. pra\u0142ata Stefana Piotrowskiego &#8211; wikariusza generalnego archidiecezji warszawskiej, ko\u015bcio\u0142owi nadano tytu\u0142<br \/>\u00a0\u00a0\u00a0\u00a0\u00a0\u00a0\u00a0\u00a0\u00a0\u00a0\u00a0\u00a0\u00a0\u00a0\u00a0\u00a0\u00a0\u00a0\u00a0\u00a0\u00a0 CHRYSTUSA KR\u00d3LA POKOJU<br \/>1972 &#8211; Wiosn\u0105 ko\u015bci\u00f3\u0142 zosta\u0142 otynkowany wewn\u0105trz i zewn\u0105trz. Trwa\u0142y prace wyko\u0144czeniowe\u00a0elewacji zewn\u0119trznej oraz pozosta\u0142 do wykonania wystr\u00f3j wn\u0119trza ko\u015bcio\u0142a.<br \/>1972 &#8211; Jesieni\u0105 za\u0142o\u017cono nowe o\u015bwietlenie i nowy Krzy\u017c.<br \/>Po\u015bwi\u0119cenia Krzy\u017ca do g\u0142\u00f3wnego O\u0142tarza dokona\u0142 JE ks.Biskup W\u0142adys\u0142aw Mizio\u0142ek w uroczysto\u015b\u0107 \u015bw. Jadwigi \u015al\u0105skiej.<br \/>1973 &#8211; W czerwcu proboszczem parafii zosta\u0142 mianowany ks. Zbigniew Gorzkowski, kt\u00f3ry przeprowadzi\u0142 konserwacj\u0119 plebani, malowanie pomieszcze\u0144 pomocniczych, wytynkowano dwie sale katechetyczne w dolnym ko\u015bciele.<br \/>1974 &#8211; Zako\u0144czono urz\u0105dzanie dolnego ko\u015bcio\u0142a, w sk\u0142ad, kt\u00f3rego wesz\u0142y dwie sale katechetyczne, sala konferencyjna , kaplica pogrzebowa, korytarz i hol.<\/p>\n<p><!-- \/wp:heading --><!-- wp:heading --><\/p>\n<p>1976 &#8211; Ufundowanie Drogi Krzy\u017cowej w ko\u015bciele, kt\u00f3rej po\u015bwiecenia dokona\u0142 prymas polski JE ks. kard. Stefan Wyszy\u0144ski<\/p>\n<p><!-- \/wp:heading --><!-- wp:heading --><\/p>\n<p>1976 &#8211; Po\u0142o\u017cenie posadzki lastrikowej w ko\u015bciele<\/p>\n<p><!-- \/wp:heading --><!-- wp:heading --><\/p>\n<p>1979 -Wy\u0142o\u017cenie prezbiterium i g\u0142\u00f3wnego O\u0142tarza Marmurowymi p\u0142ytami<\/p>\n<p><!-- \/wp:heading --><!-- wp:heading --><\/p>\n<p>1982 &#8211; Wybudowanie budynku gospodarczego z piwnicami<\/p>\n<p><!-- \/wp:heading --><!-- wp:heading --><\/p>\n<p>1989 &#8211; JE ks. Kardyna\u0142 J\u00f3zef Glemp prymas polski Konsekrowa\u0142 nowy dzwon &#8222;Jadwiga&#8221;<\/p>\n<p><!-- \/wp:heading --><!-- wp:heading --><\/p>\n<p>1994 &#8211; Proboszczem parafii mianowany zosta\u0142 ks. Andrzej Legutko<\/p>\n<p><!-- \/wp:heading --><!-- wp:paragraph --><\/p>\n<p>2017- 1.08 parafia przejeta przez zakonnik\u00f3w s\u0142owa bo\u017cego werbist\u00f3w.Proboszczem zosta\u0142 O. Krzysztof\u00a0 \u00a0 \u00a0 \u0141ukoszczyk SVD, a wikariuszem o. Hounake Eric Kossi SVD<\/p>\t\t\t\t\t\t\t\t<\/div>\n\t\t\t\t<\/div>\n\t\t\t\t\t<\/div>\n\t\t<\/div>\n\t\t\t\t\t<\/div>\n\t\t<\/section>\n\t\t\t\t<\/div>\n\t\t","protected":false},"excerpt":{"rendered":"<p>Historia parafii Rzymsko-Katolickiej pw. \u015aw Jadwigi \u015al\u0105skiej w Warszawie przedstawia si\u0119 nast\u0119puj\u0105co: \u00a0 Ko\u015bci\u00f3\u0142 pod wezwaniem \u015bw. Jadwigi powsta\u0142 w latach 1920-1921 jako drewniany barak, na terenie darowanym przez ks. Mari\u0119 Radziwi\u0142\u0142ow\u0105 i pa\u0144stwa &hellip;<\/p>\n","protected":false},"author":1,"featured_media":0,"parent":0,"menu_order":0,"comment_status":"closed","ping_status":"closed","template":"","meta":{"footnotes":""},"class_list":["post-3993","page","type-page","status-publish","hentry"],"yoast_head":"<!-- This site is optimized with the Yoast SEO plugin v27.6 - https:\/\/yoast.com\/product\/yoast-seo-wordpress\/ -->\n<title>HISTORIA - \u015aw. Jadwiga \u015al\u0105ska<\/title>\n<meta name=\"robots\" content=\"index, follow, max-snippet:-1, max-image-preview:large, max-video-preview:-1\" \/>\n<link rel=\"canonical\" href=\"https:\/\/parafiajadwigi.waw.pl\/index.php\/historia-2\/\" \/>\n<meta property=\"og:locale\" content=\"pl_PL\" \/>\n<meta property=\"og:type\" content=\"article\" \/>\n<meta property=\"og:title\" content=\"HISTORIA - \u015aw. Jadwiga \u015al\u0105ska\" \/>\n<meta property=\"og:description\" content=\"Historia parafii Rzymsko-Katolickiej pw. \u015aw Jadwigi \u015al\u0105skiej w Warszawie przedstawia si\u0119 nast\u0119puj\u0105co: \u00a0 Ko\u015bci\u00f3\u0142 pod wezwaniem \u015bw. Jadwigi powsta\u0142 w latach 1920-1921 jako drewniany barak, na terenie darowanym przez ks. Mari\u0119 Radziwi\u0142\u0142ow\u0105 i pa\u0144stwa &hellip;\" \/>\n<meta property=\"og:url\" content=\"https:\/\/parafiajadwigi.waw.pl\/index.php\/historia-2\/\" \/>\n<meta property=\"og:site_name\" content=\"\u015aw. Jadwiga \u015al\u0105ska\" \/>\n<meta property=\"article:modified_time\" content=\"2023-02-13T18:32:21+00:00\" \/>\n<meta name=\"twitter:card\" content=\"summary_large_image\" \/>\n<meta name=\"twitter:label1\" content=\"Szacowany czas czytania\" \/>\n\t<meta name=\"twitter:data1\" content=\"7 minut\" \/>\n<script type=\"application\/ld+json\" class=\"yoast-schema-graph\">{\"@context\":\"https:\\\/\\\/schema.org\",\"@graph\":[{\"@type\":\"WebPage\",\"@id\":\"https:\\\/\\\/parafiajadwigi.waw.pl\\\/index.php\\\/historia-2\\\/\",\"url\":\"https:\\\/\\\/parafiajadwigi.waw.pl\\\/index.php\\\/historia-2\\\/\",\"name\":\"HISTORIA - \u015aw. Jadwiga \u015al\u0105ska\",\"isPartOf\":{\"@id\":\"https:\\\/\\\/parafiajadwigi.waw.pl\\\/#website\"},\"datePublished\":\"2019-05-27T08:44:29+00:00\",\"dateModified\":\"2023-02-13T18:32:21+00:00\",\"breadcrumb\":{\"@id\":\"https:\\\/\\\/parafiajadwigi.waw.pl\\\/index.php\\\/historia-2\\\/#breadcrumb\"},\"inLanguage\":\"pl-PL\",\"potentialAction\":[{\"@type\":\"ReadAction\",\"target\":[\"https:\\\/\\\/parafiajadwigi.waw.pl\\\/index.php\\\/historia-2\\\/\"]}]},{\"@type\":\"BreadcrumbList\",\"@id\":\"https:\\\/\\\/parafiajadwigi.waw.pl\\\/index.php\\\/historia-2\\\/#breadcrumb\",\"itemListElement\":[{\"@type\":\"ListItem\",\"position\":1,\"name\":\"Strona g\u0142\u00f3wna\",\"item\":\"https:\\\/\\\/parafiajadwigi.waw.pl\\\/\"},{\"@type\":\"ListItem\",\"position\":2,\"name\":\"HISTORIA\"}]},{\"@type\":\"WebSite\",\"@id\":\"https:\\\/\\\/parafiajadwigi.waw.pl\\\/#website\",\"url\":\"https:\\\/\\\/parafiajadwigi.waw.pl\\\/\",\"name\":\"\u015aw. Jadwiga \u015al\u0105ska\",\"description\":\"Witamy\",\"publisher\":{\"@id\":\"https:\\\/\\\/parafiajadwigi.waw.pl\\\/#organization\"},\"potentialAction\":[{\"@type\":\"SearchAction\",\"target\":{\"@type\":\"EntryPoint\",\"urlTemplate\":\"https:\\\/\\\/parafiajadwigi.waw.pl\\\/?s={search_term_string}\"},\"query-input\":{\"@type\":\"PropertyValueSpecification\",\"valueRequired\":true,\"valueName\":\"search_term_string\"}}],\"inLanguage\":\"pl-PL\"},{\"@type\":\"Organization\",\"@id\":\"https:\\\/\\\/parafiajadwigi.waw.pl\\\/#organization\",\"name\":\"Parafia \u015awi\u0119tej Jadwigi \u015alaskiej\",\"url\":\"https:\\\/\\\/parafiajadwigi.waw.pl\\\/\",\"logo\":{\"@type\":\"ImageObject\",\"inLanguage\":\"pl-PL\",\"@id\":\"https:\\\/\\\/parafiajadwigi.waw.pl\\\/#\\\/schema\\\/logo\\\/image\\\/\",\"url\":\"https:\\\/\\\/parafiajadwigi.waw.pl\\\/wp-content\\\/uploads\\\/2017\\\/06\\\/logooo_Jadwiga.png\",\"contentUrl\":\"https:\\\/\\\/parafiajadwigi.waw.pl\\\/wp-content\\\/uploads\\\/2017\\\/06\\\/logooo_Jadwiga.png\",\"width\":1640,\"height\":2808,\"caption\":\"Parafia \u015awi\u0119tej Jadwigi \u015alaskiej\"},\"image\":{\"@id\":\"https:\\\/\\\/parafiajadwigi.waw.pl\\\/#\\\/schema\\\/logo\\\/image\\\/\"}}]}<\/script>\n<!-- \/ Yoast SEO plugin. -->","yoast_head_json":{"title":"HISTORIA - \u015aw. Jadwiga \u015al\u0105ska","robots":{"index":"index","follow":"follow","max-snippet":"max-snippet:-1","max-image-preview":"max-image-preview:large","max-video-preview":"max-video-preview:-1"},"canonical":"https:\/\/parafiajadwigi.waw.pl\/index.php\/historia-2\/","og_locale":"pl_PL","og_type":"article","og_title":"HISTORIA - \u015aw. Jadwiga \u015al\u0105ska","og_description":"Historia parafii Rzymsko-Katolickiej pw. \u015aw Jadwigi \u015al\u0105skiej w Warszawie przedstawia si\u0119 nast\u0119puj\u0105co: \u00a0 Ko\u015bci\u00f3\u0142 pod wezwaniem \u015bw. Jadwigi powsta\u0142 w latach 1920-1921 jako drewniany barak, na terenie darowanym przez ks. Mari\u0119 Radziwi\u0142\u0142ow\u0105 i pa\u0144stwa &hellip;","og_url":"https:\/\/parafiajadwigi.waw.pl\/index.php\/historia-2\/","og_site_name":"\u015aw. Jadwiga \u015al\u0105ska","article_modified_time":"2023-02-13T18:32:21+00:00","twitter_card":"summary_large_image","twitter_misc":{"Szacowany czas czytania":"7 minut"},"schema":{"@context":"https:\/\/schema.org","@graph":[{"@type":"WebPage","@id":"https:\/\/parafiajadwigi.waw.pl\/index.php\/historia-2\/","url":"https:\/\/parafiajadwigi.waw.pl\/index.php\/historia-2\/","name":"HISTORIA - \u015aw. Jadwiga \u015al\u0105ska","isPartOf":{"@id":"https:\/\/parafiajadwigi.waw.pl\/#website"},"datePublished":"2019-05-27T08:44:29+00:00","dateModified":"2023-02-13T18:32:21+00:00","breadcrumb":{"@id":"https:\/\/parafiajadwigi.waw.pl\/index.php\/historia-2\/#breadcrumb"},"inLanguage":"pl-PL","potentialAction":[{"@type":"ReadAction","target":["https:\/\/parafiajadwigi.waw.pl\/index.php\/historia-2\/"]}]},{"@type":"BreadcrumbList","@id":"https:\/\/parafiajadwigi.waw.pl\/index.php\/historia-2\/#breadcrumb","itemListElement":[{"@type":"ListItem","position":1,"name":"Strona g\u0142\u00f3wna","item":"https:\/\/parafiajadwigi.waw.pl\/"},{"@type":"ListItem","position":2,"name":"HISTORIA"}]},{"@type":"WebSite","@id":"https:\/\/parafiajadwigi.waw.pl\/#website","url":"https:\/\/parafiajadwigi.waw.pl\/","name":"\u015aw. Jadwiga \u015al\u0105ska","description":"Witamy","publisher":{"@id":"https:\/\/parafiajadwigi.waw.pl\/#organization"},"potentialAction":[{"@type":"SearchAction","target":{"@type":"EntryPoint","urlTemplate":"https:\/\/parafiajadwigi.waw.pl\/?s={search_term_string}"},"query-input":{"@type":"PropertyValueSpecification","valueRequired":true,"valueName":"search_term_string"}}],"inLanguage":"pl-PL"},{"@type":"Organization","@id":"https:\/\/parafiajadwigi.waw.pl\/#organization","name":"Parafia \u015awi\u0119tej Jadwigi \u015alaskiej","url":"https:\/\/parafiajadwigi.waw.pl\/","logo":{"@type":"ImageObject","inLanguage":"pl-PL","@id":"https:\/\/parafiajadwigi.waw.pl\/#\/schema\/logo\/image\/","url":"https:\/\/parafiajadwigi.waw.pl\/wp-content\/uploads\/2017\/06\/logooo_Jadwiga.png","contentUrl":"https:\/\/parafiajadwigi.waw.pl\/wp-content\/uploads\/2017\/06\/logooo_Jadwiga.png","width":1640,"height":2808,"caption":"Parafia \u015awi\u0119tej Jadwigi \u015alaskiej"},"image":{"@id":"https:\/\/parafiajadwigi.waw.pl\/#\/schema\/logo\/image\/"}}]}},"_links":{"self":[{"href":"https:\/\/parafiajadwigi.waw.pl\/index.php\/wp-json\/wp\/v2\/pages\/3993","targetHints":{"allow":["GET"]}}],"collection":[{"href":"https:\/\/parafiajadwigi.waw.pl\/index.php\/wp-json\/wp\/v2\/pages"}],"about":[{"href":"https:\/\/parafiajadwigi.waw.pl\/index.php\/wp-json\/wp\/v2\/types\/page"}],"author":[{"embeddable":true,"href":"https:\/\/parafiajadwigi.waw.pl\/index.php\/wp-json\/wp\/v2\/users\/1"}],"replies":[{"embeddable":true,"href":"https:\/\/parafiajadwigi.waw.pl\/index.php\/wp-json\/wp\/v2\/comments?post=3993"}],"version-history":[{"count":7,"href":"https:\/\/parafiajadwigi.waw.pl\/index.php\/wp-json\/wp\/v2\/pages\/3993\/revisions"}],"predecessor-version":[{"id":9182,"href":"https:\/\/parafiajadwigi.waw.pl\/index.php\/wp-json\/wp\/v2\/pages\/3993\/revisions\/9182"}],"wp:attachment":[{"href":"https:\/\/parafiajadwigi.waw.pl\/index.php\/wp-json\/wp\/v2\/media?parent=3993"}],"curies":[{"name":"wp","href":"https:\/\/api.w.org\/{rel}","templated":true}]}}