{"id":14919,"date":"2025-04-22T20:49:34","date_gmt":"2025-04-22T18:49:34","guid":{"rendered":"https:\/\/parafiajadwigi.waw.pl\/?page_id=14919"},"modified":"2025-04-22T21:00:05","modified_gmt":"2025-04-22T19:00:05","slug":"wspolnota-afrykanska","status":"publish","type":"page","link":"https:\/\/parafiajadwigi.waw.pl\/index.php\/wspolnoty\/wspolnota-afrykanska\/","title":{"rendered":"WSP\u00d3LNOTA AFRYKA\u0143SKA"},"content":{"rendered":"\t\t<div data-elementor-type=\"wp-page\" data-elementor-id=\"14919\" class=\"elementor elementor-14919\">\n\t\t\t\t\t\t<section class=\"elementor-section elementor-top-section elementor-element elementor-element-cf2d4e8 elementor-section-boxed elementor-section-height-default elementor-section-height-default\" data-id=\"cf2d4e8\" data-element_type=\"section\" data-e-type=\"section\">\n\t\t\t\t\t\t<div class=\"elementor-container elementor-column-gap-default\">\n\t\t\t\t\t<div class=\"elementor-column elementor-col-100 elementor-top-column elementor-element elementor-element-fa909fc\" data-id=\"fa909fc\" data-element_type=\"column\" data-e-type=\"column\">\n\t\t\t<div class=\"elementor-widget-wrap elementor-element-populated\">\n\t\t\t\t\t\t<div class=\"elementor-element elementor-element-b9649f5 elementor-widget elementor-widget-image\" data-id=\"b9649f5\" data-element_type=\"widget\" data-e-type=\"widget\" data-widget_type=\"image.default\">\n\t\t\t\t<div class=\"elementor-widget-container\">\n\t\t\t\t\t\t\t\t\t\t\t\t\t\t\t<img fetchpriority=\"high\" decoding=\"async\" width=\"920\" height=\"250\" src=\"https:\/\/parafiajadwigi.waw.pl\/wp-content\/uploads\/2025\/04\/WSPOLNOTA-AFRYKANSKA.png\" class=\"attachment-full size-full wp-image-14921\" alt=\"\" srcset=\"https:\/\/parafiajadwigi.waw.pl\/wp-content\/uploads\/2025\/04\/WSPOLNOTA-AFRYKANSKA.png 920w, https:\/\/parafiajadwigi.waw.pl\/wp-content\/uploads\/2025\/04\/WSPOLNOTA-AFRYKANSKA-300x82.png 300w, https:\/\/parafiajadwigi.waw.pl\/wp-content\/uploads\/2025\/04\/WSPOLNOTA-AFRYKANSKA-768x209.png 768w\" sizes=\"(max-width: 920px) 100vw, 920px\" \/>\t\t\t\t\t\t\t\t\t\t\t\t\t\t\t<\/div>\n\t\t\t\t<\/div>\n\t\t\t\t\t<\/div>\n\t\t<\/div>\n\t\t\t\t\t<\/div>\n\t\t<\/section>\n\t\t\t\t<section class=\"elementor-section elementor-top-section elementor-element elementor-element-b6c3f14 elementor-section-boxed elementor-section-height-default elementor-section-height-default\" data-id=\"b6c3f14\" data-element_type=\"section\" data-e-type=\"section\">\n\t\t\t\t\t\t<div class=\"elementor-container elementor-column-gap-default\">\n\t\t\t\t\t<div class=\"elementor-column elementor-col-100 elementor-top-column elementor-element elementor-element-8c312d9\" data-id=\"8c312d9\" data-element_type=\"column\" data-e-type=\"column\">\n\t\t\t<div class=\"elementor-widget-wrap elementor-element-populated\">\n\t\t\t\t\t\t<div class=\"elementor-element elementor-element-219ce52 elementor-widget elementor-widget-text-editor\" data-id=\"219ce52\" data-element_type=\"widget\" data-e-type=\"widget\" data-widget_type=\"text-editor.default\">\n\t\t\t\t<div class=\"elementor-widget-container\">\n\t\t\t\t\t\t\t\t\t<p><span style=\"font-weight: 400;\">Pocz\u0105tki Mszy \u015bwi\u0119tych dla wsp\u00f3lnoty afryka\u0144skiej si\u0119gaj\u0105 roku 2018. Wsp\u00f3lnot\u0119 afryka\u0144sk\u0105 tworz\u0105 przewa\u017cnie studenci z r\u00f3\u017cnych kraj\u00f3w afryka\u0144skich mi\u0119dzy innymi z Rwandy, Senegalu, Angoli, Madagaskaru, Togo, Gabonu, Burundi. <\/span><b>Msze afryka\u0144skie odbywaj\u0105 si\u0119 w ka\u017cd\u0105 niedziel\u0119 o 15:00<\/b><span style=\"font-weight: 400;\"> w\u00a0kaplicy pod ko\u015bcio\u0142em. Duszpasterzami wsp\u00f3lnoty afryka\u0144skiej s\u0105 ojciec <\/span><b>Eric Hounake<\/b><span style=\"font-weight: 400;\">, werbista i ojciec <\/span><b>Benoit Azameti,<\/b><span style=\"font-weight: 400;\"> misjonarz kombonianin, r\u00f3wnie\u017c pochodz\u0105cy z Togo oraz ksi\u0119\u017ca studenci UKSW pochodz\u0105cy z Afryki. Opr\u00f3cz niedzielnych mszy \u015bwi\u0119ty, odbywaj\u0105 si\u0119 Msze i spotkania dla poszczeg\u00f3lnych grup narodowo\u015bciowych, np. Msze \u015bwi\u0119te dla wsp\u00f3lnoty Rwandyjczyk\u00f3w i dla student\u00f3w z Zimbabwe. Wsp\u00f3lnota stanowi nie tylko miejsce modlitwy, ale i\u00a0r\u00f3wnie\u017c miejsce spotkania i wsparcia dla student\u00f3w z Afryki.<\/span><\/p>\t\t\t\t\t\t\t\t<\/div>\n\t\t\t\t<\/div>\n\t\t\t\t\t<\/div>\n\t\t<\/div>\n\t\t\t\t\t<\/div>\n\t\t<\/section>\n\t\t\t\t<\/div>\n\t\t","protected":false},"excerpt":{"rendered":"<p>Pocz\u0105tki Mszy \u015bwi\u0119tych dla wsp\u00f3lnoty afryka\u0144skiej si\u0119gaj\u0105 roku 2018. Wsp\u00f3lnot\u0119 afryka\u0144sk\u0105 tworz\u0105 przewa\u017cnie studenci z r\u00f3\u017cnych kraj\u00f3w afryka\u0144skich mi\u0119dzy innymi z Rwandy, Senegalu, Angoli, Madagaskaru, Togo, Gabonu, Burundi. Msze afryka\u0144skie odbywaj\u0105 si\u0119 w ka\u017cd\u0105 &hellip;<\/p>\n","protected":false},"author":7,"featured_media":0,"parent":12445,"menu_order":0,"comment_status":"closed","ping_status":"closed","template":"","meta":{"footnotes":""},"class_list":["post-14919","page","type-page","status-publish","hentry"],"yoast_head":"<!-- This site is optimized with the Yoast SEO plugin v27.4 - https:\/\/yoast.com\/product\/yoast-seo-wordpress\/ -->\n<title>WSP\u00d3LNOTA AFRYKA\u0143SKA - \u015aw. Jadwiga \u015al\u0105ska<\/title>\n<meta name=\"robots\" content=\"index, follow, max-snippet:-1, max-image-preview:large, max-video-preview:-1\" \/>\n<link rel=\"canonical\" href=\"https:\/\/parafiajadwigi.waw.pl\/index.php\/wspolnoty\/wspolnota-afrykanska\/\" \/>\n<meta property=\"og:locale\" content=\"pl_PL\" \/>\n<meta property=\"og:type\" content=\"article\" \/>\n<meta property=\"og:title\" content=\"WSP\u00d3LNOTA AFRYKA\u0143SKA - \u015aw. Jadwiga \u015al\u0105ska\" \/>\n<meta property=\"og:description\" content=\"Pocz\u0105tki Mszy \u015bwi\u0119tych dla wsp\u00f3lnoty afryka\u0144skiej si\u0119gaj\u0105 roku 2018. Wsp\u00f3lnot\u0119 afryka\u0144sk\u0105 tworz\u0105 przewa\u017cnie studenci z r\u00f3\u017cnych kraj\u00f3w afryka\u0144skich mi\u0119dzy innymi z Rwandy, Senegalu, Angoli, Madagaskaru, Togo, Gabonu, Burundi. Msze afryka\u0144skie odbywaj\u0105 si\u0119 w ka\u017cd\u0105 &hellip;\" \/>\n<meta property=\"og:url\" content=\"https:\/\/parafiajadwigi.waw.pl\/index.php\/wspolnoty\/wspolnota-afrykanska\/\" \/>\n<meta property=\"og:site_name\" content=\"\u015aw. Jadwiga \u015al\u0105ska\" \/>\n<meta property=\"article:modified_time\" content=\"2025-04-22T19:00:05+00:00\" \/>\n<meta property=\"og:image\" content=\"https:\/\/parafiajadwigi.waw.pl\/wp-content\/uploads\/2025\/04\/WSPOLNOTA-AFRYKANSKA.png\" \/>\n\t<meta property=\"og:image:width\" content=\"920\" \/>\n\t<meta property=\"og:image:height\" content=\"250\" \/>\n\t<meta property=\"og:image:type\" content=\"image\/png\" \/>\n<meta name=\"twitter:card\" content=\"summary_large_image\" \/>\n<meta name=\"twitter:label1\" content=\"Szacowany czas czytania\" \/>\n\t<meta name=\"twitter:data1\" content=\"1 minuta\" \/>\n<script type=\"application\/ld+json\" class=\"yoast-schema-graph\">{\"@context\":\"https:\\\/\\\/schema.org\",\"@graph\":[{\"@type\":\"WebPage\",\"@id\":\"https:\\\/\\\/parafiajadwigi.waw.pl\\\/index.php\\\/wspolnoty\\\/wspolnota-afrykanska\\\/\",\"url\":\"https:\\\/\\\/parafiajadwigi.waw.pl\\\/index.php\\\/wspolnoty\\\/wspolnota-afrykanska\\\/\",\"name\":\"WSP\u00d3LNOTA AFRYKA\u0143SKA - \u015aw. Jadwiga \u015al\u0105ska\",\"isPartOf\":{\"@id\":\"https:\\\/\\\/parafiajadwigi.waw.pl\\\/#website\"},\"primaryImageOfPage\":{\"@id\":\"https:\\\/\\\/parafiajadwigi.waw.pl\\\/index.php\\\/wspolnoty\\\/wspolnota-afrykanska\\\/#primaryimage\"},\"image\":{\"@id\":\"https:\\\/\\\/parafiajadwigi.waw.pl\\\/index.php\\\/wspolnoty\\\/wspolnota-afrykanska\\\/#primaryimage\"},\"thumbnailUrl\":\"https:\\\/\\\/parafiajadwigi.waw.pl\\\/wp-content\\\/uploads\\\/2025\\\/04\\\/WSPOLNOTA-AFRYKANSKA.png\",\"datePublished\":\"2025-04-22T18:49:34+00:00\",\"dateModified\":\"2025-04-22T19:00:05+00:00\",\"breadcrumb\":{\"@id\":\"https:\\\/\\\/parafiajadwigi.waw.pl\\\/index.php\\\/wspolnoty\\\/wspolnota-afrykanska\\\/#breadcrumb\"},\"inLanguage\":\"pl-PL\",\"potentialAction\":[{\"@type\":\"ReadAction\",\"target\":[\"https:\\\/\\\/parafiajadwigi.waw.pl\\\/index.php\\\/wspolnoty\\\/wspolnota-afrykanska\\\/\"]}]},{\"@type\":\"ImageObject\",\"inLanguage\":\"pl-PL\",\"@id\":\"https:\\\/\\\/parafiajadwigi.waw.pl\\\/index.php\\\/wspolnoty\\\/wspolnota-afrykanska\\\/#primaryimage\",\"url\":\"https:\\\/\\\/parafiajadwigi.waw.pl\\\/wp-content\\\/uploads\\\/2025\\\/04\\\/WSPOLNOTA-AFRYKANSKA.png\",\"contentUrl\":\"https:\\\/\\\/parafiajadwigi.waw.pl\\\/wp-content\\\/uploads\\\/2025\\\/04\\\/WSPOLNOTA-AFRYKANSKA.png\",\"width\":920,\"height\":250},{\"@type\":\"BreadcrumbList\",\"@id\":\"https:\\\/\\\/parafiajadwigi.waw.pl\\\/index.php\\\/wspolnoty\\\/wspolnota-afrykanska\\\/#breadcrumb\",\"itemListElement\":[{\"@type\":\"ListItem\",\"position\":1,\"name\":\"Strona g\u0142\u00f3wna\",\"item\":\"https:\\\/\\\/parafiajadwigi.waw.pl\\\/\"},{\"@type\":\"ListItem\",\"position\":2,\"name\":\"WSP\u00d3LNOTY\",\"item\":\"https:\\\/\\\/parafiajadwigi.waw.pl\\\/index.php\\\/wspolnoty\\\/\"},{\"@type\":\"ListItem\",\"position\":3,\"name\":\"WSP\u00d3LNOTA AFRYKA\u0143SKA\"}]},{\"@type\":\"WebSite\",\"@id\":\"https:\\\/\\\/parafiajadwigi.waw.pl\\\/#website\",\"url\":\"https:\\\/\\\/parafiajadwigi.waw.pl\\\/\",\"name\":\"\u015aw. Jadwiga \u015al\u0105ska\",\"description\":\"Witamy\",\"publisher\":{\"@id\":\"https:\\\/\\\/parafiajadwigi.waw.pl\\\/#organization\"},\"potentialAction\":[{\"@type\":\"SearchAction\",\"target\":{\"@type\":\"EntryPoint\",\"urlTemplate\":\"https:\\\/\\\/parafiajadwigi.waw.pl\\\/?s={search_term_string}\"},\"query-input\":{\"@type\":\"PropertyValueSpecification\",\"valueRequired\":true,\"valueName\":\"search_term_string\"}}],\"inLanguage\":\"pl-PL\"},{\"@type\":\"Organization\",\"@id\":\"https:\\\/\\\/parafiajadwigi.waw.pl\\\/#organization\",\"name\":\"Parafia \u015awi\u0119tej Jadwigi \u015alaskiej\",\"url\":\"https:\\\/\\\/parafiajadwigi.waw.pl\\\/\",\"logo\":{\"@type\":\"ImageObject\",\"inLanguage\":\"pl-PL\",\"@id\":\"https:\\\/\\\/parafiajadwigi.waw.pl\\\/#\\\/schema\\\/logo\\\/image\\\/\",\"url\":\"https:\\\/\\\/parafiajadwigi.waw.pl\\\/wp-content\\\/uploads\\\/2017\\\/06\\\/logooo_Jadwiga.png\",\"contentUrl\":\"https:\\\/\\\/parafiajadwigi.waw.pl\\\/wp-content\\\/uploads\\\/2017\\\/06\\\/logooo_Jadwiga.png\",\"width\":1640,\"height\":2808,\"caption\":\"Parafia \u015awi\u0119tej Jadwigi \u015alaskiej\"},\"image\":{\"@id\":\"https:\\\/\\\/parafiajadwigi.waw.pl\\\/#\\\/schema\\\/logo\\\/image\\\/\"}}]}<\/script>\n<!-- \/ Yoast SEO plugin. -->","yoast_head_json":{"title":"WSP\u00d3LNOTA AFRYKA\u0143SKA - \u015aw. Jadwiga \u015al\u0105ska","robots":{"index":"index","follow":"follow","max-snippet":"max-snippet:-1","max-image-preview":"max-image-preview:large","max-video-preview":"max-video-preview:-1"},"canonical":"https:\/\/parafiajadwigi.waw.pl\/index.php\/wspolnoty\/wspolnota-afrykanska\/","og_locale":"pl_PL","og_type":"article","og_title":"WSP\u00d3LNOTA AFRYKA\u0143SKA - \u015aw. Jadwiga \u015al\u0105ska","og_description":"Pocz\u0105tki Mszy \u015bwi\u0119tych dla wsp\u00f3lnoty afryka\u0144skiej si\u0119gaj\u0105 roku 2018. Wsp\u00f3lnot\u0119 afryka\u0144sk\u0105 tworz\u0105 przewa\u017cnie studenci z r\u00f3\u017cnych kraj\u00f3w afryka\u0144skich mi\u0119dzy innymi z Rwandy, Senegalu, Angoli, Madagaskaru, Togo, Gabonu, Burundi. Msze afryka\u0144skie odbywaj\u0105 si\u0119 w ka\u017cd\u0105 &hellip;","og_url":"https:\/\/parafiajadwigi.waw.pl\/index.php\/wspolnoty\/wspolnota-afrykanska\/","og_site_name":"\u015aw. Jadwiga \u015al\u0105ska","article_modified_time":"2025-04-22T19:00:05+00:00","og_image":[{"width":920,"height":250,"url":"https:\/\/parafiajadwigi.waw.pl\/wp-content\/uploads\/2025\/04\/WSPOLNOTA-AFRYKANSKA.png","type":"image\/png"}],"twitter_card":"summary_large_image","twitter_misc":{"Szacowany czas czytania":"1 minuta"},"schema":{"@context":"https:\/\/schema.org","@graph":[{"@type":"WebPage","@id":"https:\/\/parafiajadwigi.waw.pl\/index.php\/wspolnoty\/wspolnota-afrykanska\/","url":"https:\/\/parafiajadwigi.waw.pl\/index.php\/wspolnoty\/wspolnota-afrykanska\/","name":"WSP\u00d3LNOTA AFRYKA\u0143SKA - \u015aw. Jadwiga \u015al\u0105ska","isPartOf":{"@id":"https:\/\/parafiajadwigi.waw.pl\/#website"},"primaryImageOfPage":{"@id":"https:\/\/parafiajadwigi.waw.pl\/index.php\/wspolnoty\/wspolnota-afrykanska\/#primaryimage"},"image":{"@id":"https:\/\/parafiajadwigi.waw.pl\/index.php\/wspolnoty\/wspolnota-afrykanska\/#primaryimage"},"thumbnailUrl":"https:\/\/parafiajadwigi.waw.pl\/wp-content\/uploads\/2025\/04\/WSPOLNOTA-AFRYKANSKA.png","datePublished":"2025-04-22T18:49:34+00:00","dateModified":"2025-04-22T19:00:05+00:00","breadcrumb":{"@id":"https:\/\/parafiajadwigi.waw.pl\/index.php\/wspolnoty\/wspolnota-afrykanska\/#breadcrumb"},"inLanguage":"pl-PL","potentialAction":[{"@type":"ReadAction","target":["https:\/\/parafiajadwigi.waw.pl\/index.php\/wspolnoty\/wspolnota-afrykanska\/"]}]},{"@type":"ImageObject","inLanguage":"pl-PL","@id":"https:\/\/parafiajadwigi.waw.pl\/index.php\/wspolnoty\/wspolnota-afrykanska\/#primaryimage","url":"https:\/\/parafiajadwigi.waw.pl\/wp-content\/uploads\/2025\/04\/WSPOLNOTA-AFRYKANSKA.png","contentUrl":"https:\/\/parafiajadwigi.waw.pl\/wp-content\/uploads\/2025\/04\/WSPOLNOTA-AFRYKANSKA.png","width":920,"height":250},{"@type":"BreadcrumbList","@id":"https:\/\/parafiajadwigi.waw.pl\/index.php\/wspolnoty\/wspolnota-afrykanska\/#breadcrumb","itemListElement":[{"@type":"ListItem","position":1,"name":"Strona g\u0142\u00f3wna","item":"https:\/\/parafiajadwigi.waw.pl\/"},{"@type":"ListItem","position":2,"name":"WSP\u00d3LNOTY","item":"https:\/\/parafiajadwigi.waw.pl\/index.php\/wspolnoty\/"},{"@type":"ListItem","position":3,"name":"WSP\u00d3LNOTA AFRYKA\u0143SKA"}]},{"@type":"WebSite","@id":"https:\/\/parafiajadwigi.waw.pl\/#website","url":"https:\/\/parafiajadwigi.waw.pl\/","name":"\u015aw. Jadwiga \u015al\u0105ska","description":"Witamy","publisher":{"@id":"https:\/\/parafiajadwigi.waw.pl\/#organization"},"potentialAction":[{"@type":"SearchAction","target":{"@type":"EntryPoint","urlTemplate":"https:\/\/parafiajadwigi.waw.pl\/?s={search_term_string}"},"query-input":{"@type":"PropertyValueSpecification","valueRequired":true,"valueName":"search_term_string"}}],"inLanguage":"pl-PL"},{"@type":"Organization","@id":"https:\/\/parafiajadwigi.waw.pl\/#organization","name":"Parafia \u015awi\u0119tej Jadwigi \u015alaskiej","url":"https:\/\/parafiajadwigi.waw.pl\/","logo":{"@type":"ImageObject","inLanguage":"pl-PL","@id":"https:\/\/parafiajadwigi.waw.pl\/#\/schema\/logo\/image\/","url":"https:\/\/parafiajadwigi.waw.pl\/wp-content\/uploads\/2017\/06\/logooo_Jadwiga.png","contentUrl":"https:\/\/parafiajadwigi.waw.pl\/wp-content\/uploads\/2017\/06\/logooo_Jadwiga.png","width":1640,"height":2808,"caption":"Parafia \u015awi\u0119tej Jadwigi \u015alaskiej"},"image":{"@id":"https:\/\/parafiajadwigi.waw.pl\/#\/schema\/logo\/image\/"}}]}},"_links":{"self":[{"href":"https:\/\/parafiajadwigi.waw.pl\/index.php\/wp-json\/wp\/v2\/pages\/14919","targetHints":{"allow":["GET"]}}],"collection":[{"href":"https:\/\/parafiajadwigi.waw.pl\/index.php\/wp-json\/wp\/v2\/pages"}],"about":[{"href":"https:\/\/parafiajadwigi.waw.pl\/index.php\/wp-json\/wp\/v2\/types\/page"}],"author":[{"embeddable":true,"href":"https:\/\/parafiajadwigi.waw.pl\/index.php\/wp-json\/wp\/v2\/users\/7"}],"replies":[{"embeddable":true,"href":"https:\/\/parafiajadwigi.waw.pl\/index.php\/wp-json\/wp\/v2\/comments?post=14919"}],"version-history":[{"count":7,"href":"https:\/\/parafiajadwigi.waw.pl\/index.php\/wp-json\/wp\/v2\/pages\/14919\/revisions"}],"predecessor-version":[{"id":14927,"href":"https:\/\/parafiajadwigi.waw.pl\/index.php\/wp-json\/wp\/v2\/pages\/14919\/revisions\/14927"}],"up":[{"embeddable":true,"href":"https:\/\/parafiajadwigi.waw.pl\/index.php\/wp-json\/wp\/v2\/pages\/12445"}],"wp:attachment":[{"href":"https:\/\/parafiajadwigi.waw.pl\/index.php\/wp-json\/wp\/v2\/media?parent=14919"}],"curies":[{"name":"wp","href":"https:\/\/api.w.org\/{rel}","templated":true}]}}