{"id":14909,"date":"2025-04-22T20:30:36","date_gmt":"2025-04-22T18:30:36","guid":{"rendered":"https:\/\/parafiajadwigi.waw.pl\/?page_id=14909"},"modified":"2025-04-22T21:00:15","modified_gmt":"2025-04-22T19:00:15","slug":"schola-parafialna","status":"publish","type":"page","link":"https:\/\/parafiajadwigi.waw.pl\/index.php\/wspolnoty\/schola-parafialna\/","title":{"rendered":"SCHOLA PARAFIALNA"},"content":{"rendered":"\t\t<div data-elementor-type=\"wp-page\" data-elementor-id=\"14909\" class=\"elementor elementor-14909\">\n\t\t\t\t\t\t<section class=\"elementor-section elementor-top-section elementor-element elementor-element-752400b elementor-section-boxed elementor-section-height-default elementor-section-height-default\" data-id=\"752400b\" data-element_type=\"section\" data-e-type=\"section\">\n\t\t\t\t\t\t<div class=\"elementor-container elementor-column-gap-default\">\n\t\t\t\t\t<div class=\"elementor-column elementor-col-100 elementor-top-column elementor-element elementor-element-98284f5\" data-id=\"98284f5\" data-element_type=\"column\" data-e-type=\"column\">\n\t\t\t<div class=\"elementor-widget-wrap elementor-element-populated\">\n\t\t\t\t\t\t<div class=\"elementor-element elementor-element-c59a353 elementor-widget__width-inherit elementor-widget elementor-widget-image\" data-id=\"c59a353\" data-element_type=\"widget\" data-e-type=\"widget\" data-widget_type=\"image.default\">\n\t\t\t\t<div class=\"elementor-widget-container\">\n\t\t\t\t\t\t\t\t\t\t\t\t\t\t\t<img fetchpriority=\"high\" decoding=\"async\" width=\"920\" height=\"250\" src=\"https:\/\/parafiajadwigi.waw.pl\/wp-content\/uploads\/2025\/04\/SCHOLA-PARAFIALNA.png\" class=\"attachment-full size-full wp-image-14911\" alt=\"\" srcset=\"https:\/\/parafiajadwigi.waw.pl\/wp-content\/uploads\/2025\/04\/SCHOLA-PARAFIALNA.png 920w, https:\/\/parafiajadwigi.waw.pl\/wp-content\/uploads\/2025\/04\/SCHOLA-PARAFIALNA-300x82.png 300w, https:\/\/parafiajadwigi.waw.pl\/wp-content\/uploads\/2025\/04\/SCHOLA-PARAFIALNA-768x209.png 768w\" sizes=\"(max-width: 920px) 100vw, 920px\" \/>\t\t\t\t\t\t\t\t\t\t\t\t\t\t\t<\/div>\n\t\t\t\t<\/div>\n\t\t\t\t<div class=\"elementor-element elementor-element-570e05b elementor-widget elementor-widget-text-editor\" data-id=\"570e05b\" data-element_type=\"widget\" data-e-type=\"widget\" data-widget_type=\"text-editor.default\">\n\t\t\t\t<div class=\"elementor-widget-container\">\n\t\t\t\t\t\t\t\t\t<p style=\"text-align: center;\"><b>Schola parafialna \u201eAnio\u0142ki \u015awi\u0119tej Jadwigi \u015al\u0105skiej\u201d<\/b><\/p>\t\t\t\t\t\t\t\t<\/div>\n\t\t\t\t<\/div>\n\t\t\t\t<div class=\"elementor-element elementor-element-cbaf69a elementor-widget elementor-widget-text-editor\" data-id=\"cbaf69a\" data-element_type=\"widget\" data-e-type=\"widget\" data-widget_type=\"text-editor.default\">\n\t\t\t\t<div class=\"elementor-widget-container\">\n\t\t\t\t\t\t\t\t\t<p><span style=\"font-weight: 400;\">Od kilku lat w parafii \u015awi\u0119tej Jadwigi \u015al\u0105skiej w Warszawie dzia\u0142a dzieci\u0119ca schola parafialna. Dzia\u0142alno\u015b\u0107 scholi rozpocz\u0119\u0142a si\u0119, gdy proboszczem parafii by\u0142 o. Krzysztof \u0141ukoszczyk. Na pocz\u0105tku schol\u0119 parafialn\u0105 prowadzi\u0142o jedno z ma\u0142\u017ce\u0144stw naszej Parafii. Obecnie schol\u0119 prowadzi p. Kasia.<\/span><\/p><p><span style=\"color: #ffffff;\">.<\/span><\/p><p><span style=\"font-weight: 400;\">Od 2022 r. schola nazywa si\u0119 \u201eAnio\u0142ki \u015awi\u0119tej Jadwigi \u015al\u0105skiej\u201d.\u00a0<\/span><\/p><p><span style=\"color: #ffffff;\">.<\/span><\/p><p><span style=\"font-weight: 400;\">W scholi jest niewielka grupa dziewczynek w wieku 11 lat. Ostatnio do\u0142\u0105czy\u0142y m\u0142odsze dziewczynki i ch\u0142opak. Schola gra i \u015bpiewa co tydzie\u0144 na mszy niedzielnej o godzinie 10.00. Pr\u00f3by odbywaj\u0105 w niedziel\u0119 po mszy \u015bwi\u0119tej. Ca\u0142y czas zach\u0119camy dzieci do do\u0142\u0105czenia do naszej scholi.<\/span><\/p><p><span style=\"color: #ffffff;\">.<\/span><\/p><p><span style=\"font-weight: 400;\">Schola \u015bpiewa pie\u015bni, piosenki i kanony wybierane pod k\u0105tem ma\u0142ych dzieci, aby uczestnictwo w mszy \u015bwi\u0119tej by\u0142o dla ma\u0142ych dzieci \u0142atwiejsze i mog\u0142y si\u0119 w\u0142\u0105cza\u0107 wsp\u00f3lny \u015bpiew na chwa\u0142\u0119 Pana Boga.\u00a0<\/span><\/p><p><span style=\"color: #ffffff;\">.<\/span><\/p><p><span style=\"font-weight: 400;\">Schola anga\u017cuje si\u0119 czynnie w \u017cycie parafii: udzia\u0142 w Mszy \u015bwi\u0119tej dla dzieci o godz. 10.00, prowadzenie r\u00f3\u017ca\u0144ca. W wielkim po\u015bcie schola prowadzi jedn\u0105 z dr\u00f3g krzy\u017cowych, anga\u017cuje si\u0119 r\u00f3wnie\u017c w wykonanie i sprzeda\u017c palm na Niedziel\u0119 Palmow\u0105.\u00a0<\/span><\/p><p><span style=\"color: #ffffff;\">.<\/span><\/p><p><span style=\"font-weight: 400;\">Schola bra\u0142a udzia\u0142 w Misyjnym Festiwalu Kol\u0119d w naszej parafii w 2023 r. \u015bpiewaj\u0105c tradycyjne kol\u0119dy.\u00a0\u00a0<\/span><\/p><p><span style=\"font-weight: 400;\"><span style=\"color: #ffffff;\">.<\/span><\/span><\/p><p><span style=\"font-weight: 400;\">W styczniu 2024 r. schola parafialna wzi\u0119\u0142a udzia\u0142 w Wo\u0142omi\u0144skim Festiwalu Kol\u0119d dla scholi parafialnych. Przygotowania do festiwalu wymaga\u0142y zaanga\u017cowania dzieci oraz ich rodzic\u00f3w. Na Festiwalu schola wyst\u0105pi\u0142a w specjalnych strojach misyjnych.\u00a0<\/span><\/p>\t\t\t\t\t\t\t\t<\/div>\n\t\t\t\t<\/div>\n\t\t\t\t<div class=\"elementor-element elementor-element-c5772f9 elementor-widget elementor-widget-text-editor\" data-id=\"c5772f9\" data-element_type=\"widget\" data-e-type=\"widget\" data-widget_type=\"text-editor.default\">\n\t\t\t\t<div class=\"elementor-widget-container\">\n\t\t\t\t\t\t\t\t\t<p style=\"text-align: center;\"><span style=\"font-weight: 400;\">ZAPRASZAMY DO DO\u0141\u0104CZENIA BY \u015aPIEWA\u0106 NA CHWA\u0141\u0118 PANA.<\/span><\/p>\t\t\t\t\t\t\t\t<\/div>\n\t\t\t\t<\/div>\n\t\t\t\t\t<\/div>\n\t\t<\/div>\n\t\t\t\t\t<\/div>\n\t\t<\/section>\n\t\t\t\t<\/div>\n\t\t","protected":false},"excerpt":{"rendered":"<p>Schola parafialna \u201eAnio\u0142ki \u015awi\u0119tej Jadwigi \u015al\u0105skiej\u201d Od kilku lat w parafii \u015awi\u0119tej Jadwigi \u015al\u0105skiej w Warszawie dzia\u0142a dzieci\u0119ca schola parafialna. Dzia\u0142alno\u015b\u0107 scholi rozpocz\u0119\u0142a si\u0119, gdy proboszczem parafii by\u0142 o. Krzysztof \u0141ukoszczyk. Na pocz\u0105tku schol\u0119 &hellip;<\/p>\n","protected":false},"author":7,"featured_media":0,"parent":12445,"menu_order":0,"comment_status":"closed","ping_status":"closed","template":"","meta":{"footnotes":""},"class_list":["post-14909","page","type-page","status-publish","hentry"],"yoast_head":"<!-- This site is optimized with the Yoast SEO plugin v27.6 - https:\/\/yoast.com\/product\/yoast-seo-wordpress\/ -->\n<title>SCHOLA PARAFIALNA - \u015aw. Jadwiga \u015al\u0105ska<\/title>\n<meta name=\"robots\" content=\"index, follow, max-snippet:-1, max-image-preview:large, max-video-preview:-1\" \/>\n<link rel=\"canonical\" href=\"https:\/\/parafiajadwigi.waw.pl\/index.php\/wspolnoty\/schola-parafialna\/\" \/>\n<meta property=\"og:locale\" content=\"pl_PL\" \/>\n<meta property=\"og:type\" content=\"article\" \/>\n<meta property=\"og:title\" content=\"SCHOLA PARAFIALNA - \u015aw. Jadwiga \u015al\u0105ska\" \/>\n<meta property=\"og:description\" content=\"Schola parafialna \u201eAnio\u0142ki \u015awi\u0119tej Jadwigi \u015al\u0105skiej\u201d Od kilku lat w parafii \u015awi\u0119tej Jadwigi \u015al\u0105skiej w Warszawie dzia\u0142a dzieci\u0119ca schola parafialna. Dzia\u0142alno\u015b\u0107 scholi rozpocz\u0119\u0142a si\u0119, gdy proboszczem parafii by\u0142 o. Krzysztof \u0141ukoszczyk. Na pocz\u0105tku schol\u0119 &hellip;\" \/>\n<meta property=\"og:url\" content=\"https:\/\/parafiajadwigi.waw.pl\/index.php\/wspolnoty\/schola-parafialna\/\" \/>\n<meta property=\"og:site_name\" content=\"\u015aw. Jadwiga \u015al\u0105ska\" \/>\n<meta property=\"article:modified_time\" content=\"2025-04-22T19:00:15+00:00\" \/>\n<meta property=\"og:image\" content=\"https:\/\/parafiajadwigi.waw.pl\/wp-content\/uploads\/2025\/04\/SCHOLA-PARAFIALNA.png\" \/>\n\t<meta property=\"og:image:width\" content=\"920\" \/>\n\t<meta property=\"og:image:height\" content=\"250\" \/>\n\t<meta property=\"og:image:type\" content=\"image\/png\" \/>\n<meta name=\"twitter:card\" content=\"summary_large_image\" \/>\n<meta name=\"twitter:label1\" content=\"Szacowany czas czytania\" \/>\n\t<meta name=\"twitter:data1\" content=\"2 minuty\" \/>\n<script type=\"application\/ld+json\" class=\"yoast-schema-graph\">{\"@context\":\"https:\\\/\\\/schema.org\",\"@graph\":[{\"@type\":\"WebPage\",\"@id\":\"https:\\\/\\\/parafiajadwigi.waw.pl\\\/index.php\\\/wspolnoty\\\/schola-parafialna\\\/\",\"url\":\"https:\\\/\\\/parafiajadwigi.waw.pl\\\/index.php\\\/wspolnoty\\\/schola-parafialna\\\/\",\"name\":\"SCHOLA PARAFIALNA - \u015aw. Jadwiga \u015al\u0105ska\",\"isPartOf\":{\"@id\":\"https:\\\/\\\/parafiajadwigi.waw.pl\\\/#website\"},\"primaryImageOfPage\":{\"@id\":\"https:\\\/\\\/parafiajadwigi.waw.pl\\\/index.php\\\/wspolnoty\\\/schola-parafialna\\\/#primaryimage\"},\"image\":{\"@id\":\"https:\\\/\\\/parafiajadwigi.waw.pl\\\/index.php\\\/wspolnoty\\\/schola-parafialna\\\/#primaryimage\"},\"thumbnailUrl\":\"https:\\\/\\\/parafiajadwigi.waw.pl\\\/wp-content\\\/uploads\\\/2025\\\/04\\\/SCHOLA-PARAFIALNA.png\",\"datePublished\":\"2025-04-22T18:30:36+00:00\",\"dateModified\":\"2025-04-22T19:00:15+00:00\",\"breadcrumb\":{\"@id\":\"https:\\\/\\\/parafiajadwigi.waw.pl\\\/index.php\\\/wspolnoty\\\/schola-parafialna\\\/#breadcrumb\"},\"inLanguage\":\"pl-PL\",\"potentialAction\":[{\"@type\":\"ReadAction\",\"target\":[\"https:\\\/\\\/parafiajadwigi.waw.pl\\\/index.php\\\/wspolnoty\\\/schola-parafialna\\\/\"]}]},{\"@type\":\"ImageObject\",\"inLanguage\":\"pl-PL\",\"@id\":\"https:\\\/\\\/parafiajadwigi.waw.pl\\\/index.php\\\/wspolnoty\\\/schola-parafialna\\\/#primaryimage\",\"url\":\"https:\\\/\\\/parafiajadwigi.waw.pl\\\/wp-content\\\/uploads\\\/2025\\\/04\\\/SCHOLA-PARAFIALNA.png\",\"contentUrl\":\"https:\\\/\\\/parafiajadwigi.waw.pl\\\/wp-content\\\/uploads\\\/2025\\\/04\\\/SCHOLA-PARAFIALNA.png\",\"width\":920,\"height\":250},{\"@type\":\"BreadcrumbList\",\"@id\":\"https:\\\/\\\/parafiajadwigi.waw.pl\\\/index.php\\\/wspolnoty\\\/schola-parafialna\\\/#breadcrumb\",\"itemListElement\":[{\"@type\":\"ListItem\",\"position\":1,\"name\":\"Strona g\u0142\u00f3wna\",\"item\":\"https:\\\/\\\/parafiajadwigi.waw.pl\\\/\"},{\"@type\":\"ListItem\",\"position\":2,\"name\":\"WSP\u00d3LNOTY\",\"item\":\"https:\\\/\\\/parafiajadwigi.waw.pl\\\/index.php\\\/wspolnoty\\\/\"},{\"@type\":\"ListItem\",\"position\":3,\"name\":\"SCHOLA PARAFIALNA\"}]},{\"@type\":\"WebSite\",\"@id\":\"https:\\\/\\\/parafiajadwigi.waw.pl\\\/#website\",\"url\":\"https:\\\/\\\/parafiajadwigi.waw.pl\\\/\",\"name\":\"\u015aw. Jadwiga \u015al\u0105ska\",\"description\":\"Witamy\",\"publisher\":{\"@id\":\"https:\\\/\\\/parafiajadwigi.waw.pl\\\/#organization\"},\"potentialAction\":[{\"@type\":\"SearchAction\",\"target\":{\"@type\":\"EntryPoint\",\"urlTemplate\":\"https:\\\/\\\/parafiajadwigi.waw.pl\\\/?s={search_term_string}\"},\"query-input\":{\"@type\":\"PropertyValueSpecification\",\"valueRequired\":true,\"valueName\":\"search_term_string\"}}],\"inLanguage\":\"pl-PL\"},{\"@type\":\"Organization\",\"@id\":\"https:\\\/\\\/parafiajadwigi.waw.pl\\\/#organization\",\"name\":\"Parafia \u015awi\u0119tej Jadwigi \u015alaskiej\",\"url\":\"https:\\\/\\\/parafiajadwigi.waw.pl\\\/\",\"logo\":{\"@type\":\"ImageObject\",\"inLanguage\":\"pl-PL\",\"@id\":\"https:\\\/\\\/parafiajadwigi.waw.pl\\\/#\\\/schema\\\/logo\\\/image\\\/\",\"url\":\"https:\\\/\\\/parafiajadwigi.waw.pl\\\/wp-content\\\/uploads\\\/2017\\\/06\\\/logooo_Jadwiga.png\",\"contentUrl\":\"https:\\\/\\\/parafiajadwigi.waw.pl\\\/wp-content\\\/uploads\\\/2017\\\/06\\\/logooo_Jadwiga.png\",\"width\":1640,\"height\":2808,\"caption\":\"Parafia \u015awi\u0119tej Jadwigi \u015alaskiej\"},\"image\":{\"@id\":\"https:\\\/\\\/parafiajadwigi.waw.pl\\\/#\\\/schema\\\/logo\\\/image\\\/\"}}]}<\/script>\n<!-- \/ Yoast SEO plugin. -->","yoast_head_json":{"title":"SCHOLA PARAFIALNA - \u015aw. Jadwiga \u015al\u0105ska","robots":{"index":"index","follow":"follow","max-snippet":"max-snippet:-1","max-image-preview":"max-image-preview:large","max-video-preview":"max-video-preview:-1"},"canonical":"https:\/\/parafiajadwigi.waw.pl\/index.php\/wspolnoty\/schola-parafialna\/","og_locale":"pl_PL","og_type":"article","og_title":"SCHOLA PARAFIALNA - \u015aw. Jadwiga \u015al\u0105ska","og_description":"Schola parafialna \u201eAnio\u0142ki \u015awi\u0119tej Jadwigi \u015al\u0105skiej\u201d Od kilku lat w parafii \u015awi\u0119tej Jadwigi \u015al\u0105skiej w Warszawie dzia\u0142a dzieci\u0119ca schola parafialna. Dzia\u0142alno\u015b\u0107 scholi rozpocz\u0119\u0142a si\u0119, gdy proboszczem parafii by\u0142 o. Krzysztof \u0141ukoszczyk. Na pocz\u0105tku schol\u0119 &hellip;","og_url":"https:\/\/parafiajadwigi.waw.pl\/index.php\/wspolnoty\/schola-parafialna\/","og_site_name":"\u015aw. Jadwiga \u015al\u0105ska","article_modified_time":"2025-04-22T19:00:15+00:00","og_image":[{"width":920,"height":250,"url":"https:\/\/parafiajadwigi.waw.pl\/wp-content\/uploads\/2025\/04\/SCHOLA-PARAFIALNA.png","type":"image\/png"}],"twitter_card":"summary_large_image","twitter_misc":{"Szacowany czas czytania":"2 minuty"},"schema":{"@context":"https:\/\/schema.org","@graph":[{"@type":"WebPage","@id":"https:\/\/parafiajadwigi.waw.pl\/index.php\/wspolnoty\/schola-parafialna\/","url":"https:\/\/parafiajadwigi.waw.pl\/index.php\/wspolnoty\/schola-parafialna\/","name":"SCHOLA PARAFIALNA - \u015aw. Jadwiga \u015al\u0105ska","isPartOf":{"@id":"https:\/\/parafiajadwigi.waw.pl\/#website"},"primaryImageOfPage":{"@id":"https:\/\/parafiajadwigi.waw.pl\/index.php\/wspolnoty\/schola-parafialna\/#primaryimage"},"image":{"@id":"https:\/\/parafiajadwigi.waw.pl\/index.php\/wspolnoty\/schola-parafialna\/#primaryimage"},"thumbnailUrl":"https:\/\/parafiajadwigi.waw.pl\/wp-content\/uploads\/2025\/04\/SCHOLA-PARAFIALNA.png","datePublished":"2025-04-22T18:30:36+00:00","dateModified":"2025-04-22T19:00:15+00:00","breadcrumb":{"@id":"https:\/\/parafiajadwigi.waw.pl\/index.php\/wspolnoty\/schola-parafialna\/#breadcrumb"},"inLanguage":"pl-PL","potentialAction":[{"@type":"ReadAction","target":["https:\/\/parafiajadwigi.waw.pl\/index.php\/wspolnoty\/schola-parafialna\/"]}]},{"@type":"ImageObject","inLanguage":"pl-PL","@id":"https:\/\/parafiajadwigi.waw.pl\/index.php\/wspolnoty\/schola-parafialna\/#primaryimage","url":"https:\/\/parafiajadwigi.waw.pl\/wp-content\/uploads\/2025\/04\/SCHOLA-PARAFIALNA.png","contentUrl":"https:\/\/parafiajadwigi.waw.pl\/wp-content\/uploads\/2025\/04\/SCHOLA-PARAFIALNA.png","width":920,"height":250},{"@type":"BreadcrumbList","@id":"https:\/\/parafiajadwigi.waw.pl\/index.php\/wspolnoty\/schola-parafialna\/#breadcrumb","itemListElement":[{"@type":"ListItem","position":1,"name":"Strona g\u0142\u00f3wna","item":"https:\/\/parafiajadwigi.waw.pl\/"},{"@type":"ListItem","position":2,"name":"WSP\u00d3LNOTY","item":"https:\/\/parafiajadwigi.waw.pl\/index.php\/wspolnoty\/"},{"@type":"ListItem","position":3,"name":"SCHOLA PARAFIALNA"}]},{"@type":"WebSite","@id":"https:\/\/parafiajadwigi.waw.pl\/#website","url":"https:\/\/parafiajadwigi.waw.pl\/","name":"\u015aw. Jadwiga \u015al\u0105ska","description":"Witamy","publisher":{"@id":"https:\/\/parafiajadwigi.waw.pl\/#organization"},"potentialAction":[{"@type":"SearchAction","target":{"@type":"EntryPoint","urlTemplate":"https:\/\/parafiajadwigi.waw.pl\/?s={search_term_string}"},"query-input":{"@type":"PropertyValueSpecification","valueRequired":true,"valueName":"search_term_string"}}],"inLanguage":"pl-PL"},{"@type":"Organization","@id":"https:\/\/parafiajadwigi.waw.pl\/#organization","name":"Parafia \u015awi\u0119tej Jadwigi \u015alaskiej","url":"https:\/\/parafiajadwigi.waw.pl\/","logo":{"@type":"ImageObject","inLanguage":"pl-PL","@id":"https:\/\/parafiajadwigi.waw.pl\/#\/schema\/logo\/image\/","url":"https:\/\/parafiajadwigi.waw.pl\/wp-content\/uploads\/2017\/06\/logooo_Jadwiga.png","contentUrl":"https:\/\/parafiajadwigi.waw.pl\/wp-content\/uploads\/2017\/06\/logooo_Jadwiga.png","width":1640,"height":2808,"caption":"Parafia \u015awi\u0119tej Jadwigi \u015alaskiej"},"image":{"@id":"https:\/\/parafiajadwigi.waw.pl\/#\/schema\/logo\/image\/"}}]}},"_links":{"self":[{"href":"https:\/\/parafiajadwigi.waw.pl\/index.php\/wp-json\/wp\/v2\/pages\/14909","targetHints":{"allow":["GET"]}}],"collection":[{"href":"https:\/\/parafiajadwigi.waw.pl\/index.php\/wp-json\/wp\/v2\/pages"}],"about":[{"href":"https:\/\/parafiajadwigi.waw.pl\/index.php\/wp-json\/wp\/v2\/types\/page"}],"author":[{"embeddable":true,"href":"https:\/\/parafiajadwigi.waw.pl\/index.php\/wp-json\/wp\/v2\/users\/7"}],"replies":[{"embeddable":true,"href":"https:\/\/parafiajadwigi.waw.pl\/index.php\/wp-json\/wp\/v2\/comments?post=14909"}],"version-history":[{"count":7,"href":"https:\/\/parafiajadwigi.waw.pl\/index.php\/wp-json\/wp\/v2\/pages\/14909\/revisions"}],"predecessor-version":[{"id":14918,"href":"https:\/\/parafiajadwigi.waw.pl\/index.php\/wp-json\/wp\/v2\/pages\/14909\/revisions\/14918"}],"up":[{"embeddable":true,"href":"https:\/\/parafiajadwigi.waw.pl\/index.php\/wp-json\/wp\/v2\/pages\/12445"}],"wp:attachment":[{"href":"https:\/\/parafiajadwigi.waw.pl\/index.php\/wp-json\/wp\/v2\/media?parent=14909"}],"curies":[{"name":"wp","href":"https:\/\/api.w.org\/{rel}","templated":true}]}}