{"id":14750,"date":"2025-04-06T19:32:16","date_gmt":"2025-04-06T17:32:16","guid":{"rendered":"https:\/\/parafiajadwigi.waw.pl\/?page_id=14750"},"modified":"2025-04-06T19:38:55","modified_gmt":"2025-04-06T17:38:55","slug":"grupa-sw-jozefa","status":"publish","type":"page","link":"https:\/\/parafiajadwigi.waw.pl\/index.php\/wspolnoty\/grupa-sw-jozefa\/","title":{"rendered":"GRUPA \u015aW. J\u00d3ZEFA"},"content":{"rendered":"\t\t<div data-elementor-type=\"wp-page\" data-elementor-id=\"14750\" class=\"elementor elementor-14750\">\n\t\t\t\t\t\t<section class=\"elementor-section elementor-top-section elementor-element elementor-element-70431f6 elementor-section-boxed elementor-section-height-default elementor-section-height-default\" data-id=\"70431f6\" data-element_type=\"section\" data-e-type=\"section\">\n\t\t\t\t\t\t<div class=\"elementor-container elementor-column-gap-default\">\n\t\t\t\t\t<div class=\"elementor-column elementor-col-100 elementor-top-column elementor-element elementor-element-893f29a\" data-id=\"893f29a\" data-element_type=\"column\" data-e-type=\"column\">\n\t\t\t<div class=\"elementor-widget-wrap elementor-element-populated\">\n\t\t\t\t\t\t<div class=\"elementor-element elementor-element-939b7ad elementor-widget elementor-widget-image\" data-id=\"939b7ad\" data-element_type=\"widget\" data-e-type=\"widget\" data-widget_type=\"image.default\">\n\t\t\t\t<div class=\"elementor-widget-container\">\n\t\t\t\t\t\t\t\t\t\t\t\t\t\t\t<img fetchpriority=\"high\" decoding=\"async\" width=\"920\" height=\"250\" src=\"https:\/\/parafiajadwigi.waw.pl\/wp-content\/uploads\/2025\/04\/GRUPA-SW.-JOZEFA.png\" class=\"attachment-full size-full wp-image-14752\" alt=\"\" srcset=\"https:\/\/parafiajadwigi.waw.pl\/wp-content\/uploads\/2025\/04\/GRUPA-SW.-JOZEFA.png 920w, https:\/\/parafiajadwigi.waw.pl\/wp-content\/uploads\/2025\/04\/GRUPA-SW.-JOZEFA-300x82.png 300w, https:\/\/parafiajadwigi.waw.pl\/wp-content\/uploads\/2025\/04\/GRUPA-SW.-JOZEFA-768x209.png 768w\" sizes=\"(max-width: 920px) 100vw, 920px\" \/>\t\t\t\t\t\t\t\t\t\t\t\t\t\t\t<\/div>\n\t\t\t\t<\/div>\n\t\t\t\t<div class=\"elementor-element elementor-element-9fc9773 elementor-widget elementor-widget-text-editor\" data-id=\"9fc9773\" data-element_type=\"widget\" data-e-type=\"widget\" data-widget_type=\"text-editor.default\">\n\t\t\t\t<div class=\"elementor-widget-container\">\n\t\t\t\t\t\t\t\t\t<p>W Parafii \u015awi\u0119tej Jadwigi \u015al\u0105skiej podczas MISJI PARAFIALNYCH, 25 wrze\u015bnia 2022 roku zosta\u0142a wysuni\u0119ta propozycja (przez nie\u017cyj\u0105cego ju\u017c o. Jana Wr\u00f3blewskiego) by utworzy\u0107 grup\u0119 parafialn\u0105 sk\u0142adaj\u0105ca si\u0119 z samych m\u0119\u017cczyzn.<\/p><p><span style=\"color: #ffffff;\">.<\/span><br \/>Od pocz\u0105tku by\u0142a to grupa, kt\u00f3ra mia\u0142a za zadanie skupi\u0107 m\u0119\u017cczyzn z parafii, aby uczestniczyli czynnie w \u017cyciu parafii, w modlitwach, w pos\u0142udze przy o\u0142tarzu i pomagali w pracach porz\u0105dkowych, kt\u00f3rych cz\u0119sto jest du\u017co. Patronem grupy zosta\u0142 najbardziej ulubiony przez m\u0119\u017cczyzn cichy i pracowity \u015awi\u0119ty J\u00f3zef.<\/p><p><span style=\"color: #ffffff;\">.<\/span><\/p><p>W ci\u0105gu sze\u015bciu miesi\u0119cy uda\u0142o si\u0119 zebra\u0107 i zapisa\u0107 22 osoby, a na wiosn\u0119 2023 r., w dzie\u0144 swojego patrona grupa zosta\u0142a zawierzona \u015awi\u0119temu J\u00f3zefowi. Dzi\u0119ki zaanga\u017cowaniu Ojca Proboszcza zosta\u0142a zawi\u0105zana <strong>M\u0118SKA R\u00d3\u017bA R\u00d3\u017bA\u0143COWA<\/strong>.<\/p><p><span style=\"color: #ffffff;\">.<\/span><\/p><p>Za\u0142o\u017cenie R\u00f3\u017cy pomog\u0142o zdyscyplinowa\u0107 zapisanych m\u0119\u017cczyzn do regularnej modlitwy r\u00f3\u017ca\u0144cowej w intencjach Ko\u015bcio\u0142a, Parafii, za cz\u0142onk\u00f3w ca\u0142ej grupy oraz ich rodziny. R\u00f3\u017ca m\u0119ska spotyka si\u0119 regularnie w ka\u017cdy pierwszy czwartek miesi\u0105ca na modlitwie r\u00f3\u017ca\u0144cowej, kt\u00f3rej g\u0142\u00f3wn\u0105 intencj\u0105 jest modlitwa za kap\u0142an\u00f3w i o nowe powo\u0142ania kap\u0142a\u0144skie.<\/p><p><span style=\"color: #ffffff;\">.<\/span><\/p><p>Cz\u0142onkami R\u00f3\u017cy s\u0105 r\u00f3wnie\u017c Ojciec Proboszcz i Ojciec Eryk, kt\u00f3ry do niedawna na sta\u0142e pos\u0142ugiwa\u0142 w parafii, a obecnie przyje\u017cd\u017ca, aby pomaga\u0107 w pos\u0142udze duszpasterskiej w\u015br\u00f3d wiernych. R\u00f3\u017ca m\u0119ska regularnie w ka\u017cd\u0105 pierwsz\u0105 niedziel\u0119 miesi\u0105ca po Mszy \u015awi\u0119tej o godz. 10:00 prowadzi r\u00f3\u017caniec. Spotykamy si\u0119 r\u00f3wnie\u017c, (kto mo\u017ce) na r\u00f3\u017ca\u0144cu po Mszach \u015awi\u0119tych wieczornych w ci\u0105gu tygodnia. Grupa czynnie uczestniczy w pracach przy parafii:<\/p><ul><li style=\"list-style-type: none;\"><ul><li>porz\u0105dkowanie terenu,<\/li><li>sprz\u0105tanie ko\u015bcio\u0142a,<\/li><li>zim\u0105 na wezwanie Ojca Proboszcza obowi\u0105zkowo jest ubieranie choinek, odgarnianie \u015bniegu, latem szykowanie o\u0142tarzy na uroczysto\u015bci Bo\u017cego Cia\u0142a oraz pomoc przy pracach zwi\u0105zanych z wystrojem ko\u015bcio\u0142a.<\/li><\/ul><\/li><\/ul><p><span style=\"color: #ffffff;\">.<\/span><\/p><p>Ojciec Proboszcz na zmian\u0119 z ojcem Erykiem czuwa nad kondycj\u0105 duchow\u0105 grupy i je\u015bli tylko mo\u017ce g\u0142osi nauki dla m\u0119\u017cczyzn na comiesi\u0119cznych spotkaniach.<\/p><p><span style=\"color: #ffffff;\">.<\/span><\/p><p>\u015aw. J\u00f3zef jest naszym szczeg\u00f3lnym or\u0119downikiem przed Bogiem i zawsze mo\u017cemy liczy\u0107 na Jego skuteczne wstawiennictwo.<\/p>\t\t\t\t\t\t\t\t<\/div>\n\t\t\t\t<\/div>\n\t\t\t\t<div class=\"elementor-element elementor-element-e1ee147 elementor-widget elementor-widget-text-editor\" data-id=\"e1ee147\" data-element_type=\"widget\" data-e-type=\"widget\" data-widget_type=\"text-editor.default\">\n\t\t\t\t<div class=\"elementor-widget-container\">\n\t\t\t\t\t\t\t\t\t<p style=\"text-align: center;\"><span style=\"color: #ffffff;\">.<\/span><\/p><p style=\"text-align: center;\"><span style=\"color: #4053b3;\">ZAPRASZAMY M\u0118\u017bCZYZN DO NASZEJ GRUPY.<\/span><\/p>\t\t\t\t\t\t\t\t<\/div>\n\t\t\t\t<\/div>\n\t\t\t\t\t<\/div>\n\t\t<\/div>\n\t\t\t\t\t<\/div>\n\t\t<\/section>\n\t\t\t\t<\/div>\n\t\t","protected":false},"excerpt":{"rendered":"<p>W Parafii \u015awi\u0119tej Jadwigi \u015al\u0105skiej podczas MISJI PARAFIALNYCH, 25 wrze\u015bnia 2022 roku zosta\u0142a wysuni\u0119ta propozycja (przez nie\u017cyj\u0105cego ju\u017c o. Jana Wr\u00f3blewskiego) by utworzy\u0107 grup\u0119 parafialn\u0105 sk\u0142adaj\u0105ca si\u0119 z samych m\u0119\u017cczyzn. .Od pocz\u0105tku by\u0142a to &hellip;<\/p>\n","protected":false},"author":7,"featured_media":0,"parent":12445,"menu_order":0,"comment_status":"closed","ping_status":"closed","template":"","meta":{"footnotes":""},"class_list":["post-14750","page","type-page","status-publish","hentry"],"yoast_head":"<!-- This site is optimized with the Yoast SEO plugin v27.4 - https:\/\/yoast.com\/product\/yoast-seo-wordpress\/ -->\n<title>GRUPA \u015aW. J\u00d3ZEFA - \u015aw. Jadwiga \u015al\u0105ska<\/title>\n<meta name=\"robots\" content=\"index, follow, max-snippet:-1, max-image-preview:large, max-video-preview:-1\" \/>\n<link rel=\"canonical\" href=\"https:\/\/parafiajadwigi.waw.pl\/index.php\/wspolnoty\/grupa-sw-jozefa\/\" \/>\n<meta property=\"og:locale\" content=\"pl_PL\" \/>\n<meta property=\"og:type\" content=\"article\" \/>\n<meta property=\"og:title\" content=\"GRUPA \u015aW. J\u00d3ZEFA - \u015aw. Jadwiga \u015al\u0105ska\" \/>\n<meta property=\"og:description\" content=\"W Parafii \u015awi\u0119tej Jadwigi \u015al\u0105skiej podczas MISJI PARAFIALNYCH, 25 wrze\u015bnia 2022 roku zosta\u0142a wysuni\u0119ta propozycja (przez nie\u017cyj\u0105cego ju\u017c o. Jana Wr\u00f3blewskiego) by utworzy\u0107 grup\u0119 parafialn\u0105 sk\u0142adaj\u0105ca si\u0119 z samych m\u0119\u017cczyzn. .Od pocz\u0105tku by\u0142a to &hellip;\" \/>\n<meta property=\"og:url\" content=\"https:\/\/parafiajadwigi.waw.pl\/index.php\/wspolnoty\/grupa-sw-jozefa\/\" \/>\n<meta property=\"og:site_name\" content=\"\u015aw. Jadwiga \u015al\u0105ska\" \/>\n<meta property=\"article:modified_time\" content=\"2025-04-06T17:38:55+00:00\" \/>\n<meta property=\"og:image\" content=\"https:\/\/parafiajadwigi.waw.pl\/wp-content\/uploads\/2025\/04\/GRUPA-SW.-JOZEFA.png\" \/>\n\t<meta property=\"og:image:width\" content=\"920\" \/>\n\t<meta property=\"og:image:height\" content=\"250\" \/>\n\t<meta property=\"og:image:type\" content=\"image\/png\" \/>\n<meta name=\"twitter:card\" content=\"summary_large_image\" \/>\n<meta name=\"twitter:label1\" content=\"Szacowany czas czytania\" \/>\n\t<meta name=\"twitter:data1\" content=\"2 minuty\" \/>\n<script type=\"application\/ld+json\" class=\"yoast-schema-graph\">{\"@context\":\"https:\\\/\\\/schema.org\",\"@graph\":[{\"@type\":\"WebPage\",\"@id\":\"https:\\\/\\\/parafiajadwigi.waw.pl\\\/index.php\\\/wspolnoty\\\/grupa-sw-jozefa\\\/\",\"url\":\"https:\\\/\\\/parafiajadwigi.waw.pl\\\/index.php\\\/wspolnoty\\\/grupa-sw-jozefa\\\/\",\"name\":\"GRUPA \u015aW. J\u00d3ZEFA - \u015aw. Jadwiga \u015al\u0105ska\",\"isPartOf\":{\"@id\":\"https:\\\/\\\/parafiajadwigi.waw.pl\\\/#website\"},\"primaryImageOfPage\":{\"@id\":\"https:\\\/\\\/parafiajadwigi.waw.pl\\\/index.php\\\/wspolnoty\\\/grupa-sw-jozefa\\\/#primaryimage\"},\"image\":{\"@id\":\"https:\\\/\\\/parafiajadwigi.waw.pl\\\/index.php\\\/wspolnoty\\\/grupa-sw-jozefa\\\/#primaryimage\"},\"thumbnailUrl\":\"https:\\\/\\\/parafiajadwigi.waw.pl\\\/wp-content\\\/uploads\\\/2025\\\/04\\\/GRUPA-SW.-JOZEFA.png\",\"datePublished\":\"2025-04-06T17:32:16+00:00\",\"dateModified\":\"2025-04-06T17:38:55+00:00\",\"breadcrumb\":{\"@id\":\"https:\\\/\\\/parafiajadwigi.waw.pl\\\/index.php\\\/wspolnoty\\\/grupa-sw-jozefa\\\/#breadcrumb\"},\"inLanguage\":\"pl-PL\",\"potentialAction\":[{\"@type\":\"ReadAction\",\"target\":[\"https:\\\/\\\/parafiajadwigi.waw.pl\\\/index.php\\\/wspolnoty\\\/grupa-sw-jozefa\\\/\"]}]},{\"@type\":\"ImageObject\",\"inLanguage\":\"pl-PL\",\"@id\":\"https:\\\/\\\/parafiajadwigi.waw.pl\\\/index.php\\\/wspolnoty\\\/grupa-sw-jozefa\\\/#primaryimage\",\"url\":\"https:\\\/\\\/parafiajadwigi.waw.pl\\\/wp-content\\\/uploads\\\/2025\\\/04\\\/GRUPA-SW.-JOZEFA.png\",\"contentUrl\":\"https:\\\/\\\/parafiajadwigi.waw.pl\\\/wp-content\\\/uploads\\\/2025\\\/04\\\/GRUPA-SW.-JOZEFA.png\",\"width\":920,\"height\":250},{\"@type\":\"BreadcrumbList\",\"@id\":\"https:\\\/\\\/parafiajadwigi.waw.pl\\\/index.php\\\/wspolnoty\\\/grupa-sw-jozefa\\\/#breadcrumb\",\"itemListElement\":[{\"@type\":\"ListItem\",\"position\":1,\"name\":\"Strona g\u0142\u00f3wna\",\"item\":\"https:\\\/\\\/parafiajadwigi.waw.pl\\\/\"},{\"@type\":\"ListItem\",\"position\":2,\"name\":\"WSP\u00d3LNOTY\",\"item\":\"https:\\\/\\\/parafiajadwigi.waw.pl\\\/index.php\\\/wspolnoty\\\/\"},{\"@type\":\"ListItem\",\"position\":3,\"name\":\"GRUPA \u015aW. J\u00d3ZEFA\"}]},{\"@type\":\"WebSite\",\"@id\":\"https:\\\/\\\/parafiajadwigi.waw.pl\\\/#website\",\"url\":\"https:\\\/\\\/parafiajadwigi.waw.pl\\\/\",\"name\":\"\u015aw. Jadwiga \u015al\u0105ska\",\"description\":\"Witamy\",\"publisher\":{\"@id\":\"https:\\\/\\\/parafiajadwigi.waw.pl\\\/#organization\"},\"potentialAction\":[{\"@type\":\"SearchAction\",\"target\":{\"@type\":\"EntryPoint\",\"urlTemplate\":\"https:\\\/\\\/parafiajadwigi.waw.pl\\\/?s={search_term_string}\"},\"query-input\":{\"@type\":\"PropertyValueSpecification\",\"valueRequired\":true,\"valueName\":\"search_term_string\"}}],\"inLanguage\":\"pl-PL\"},{\"@type\":\"Organization\",\"@id\":\"https:\\\/\\\/parafiajadwigi.waw.pl\\\/#organization\",\"name\":\"Parafia \u015awi\u0119tej Jadwigi \u015alaskiej\",\"url\":\"https:\\\/\\\/parafiajadwigi.waw.pl\\\/\",\"logo\":{\"@type\":\"ImageObject\",\"inLanguage\":\"pl-PL\",\"@id\":\"https:\\\/\\\/parafiajadwigi.waw.pl\\\/#\\\/schema\\\/logo\\\/image\\\/\",\"url\":\"https:\\\/\\\/parafiajadwigi.waw.pl\\\/wp-content\\\/uploads\\\/2017\\\/06\\\/logooo_Jadwiga.png\",\"contentUrl\":\"https:\\\/\\\/parafiajadwigi.waw.pl\\\/wp-content\\\/uploads\\\/2017\\\/06\\\/logooo_Jadwiga.png\",\"width\":1640,\"height\":2808,\"caption\":\"Parafia \u015awi\u0119tej Jadwigi \u015alaskiej\"},\"image\":{\"@id\":\"https:\\\/\\\/parafiajadwigi.waw.pl\\\/#\\\/schema\\\/logo\\\/image\\\/\"}}]}<\/script>\n<!-- \/ Yoast SEO plugin. -->","yoast_head_json":{"title":"GRUPA \u015aW. J\u00d3ZEFA - \u015aw. Jadwiga \u015al\u0105ska","robots":{"index":"index","follow":"follow","max-snippet":"max-snippet:-1","max-image-preview":"max-image-preview:large","max-video-preview":"max-video-preview:-1"},"canonical":"https:\/\/parafiajadwigi.waw.pl\/index.php\/wspolnoty\/grupa-sw-jozefa\/","og_locale":"pl_PL","og_type":"article","og_title":"GRUPA \u015aW. J\u00d3ZEFA - \u015aw. Jadwiga \u015al\u0105ska","og_description":"W Parafii \u015awi\u0119tej Jadwigi \u015al\u0105skiej podczas MISJI PARAFIALNYCH, 25 wrze\u015bnia 2022 roku zosta\u0142a wysuni\u0119ta propozycja (przez nie\u017cyj\u0105cego ju\u017c o. Jana Wr\u00f3blewskiego) by utworzy\u0107 grup\u0119 parafialn\u0105 sk\u0142adaj\u0105ca si\u0119 z samych m\u0119\u017cczyzn. .Od pocz\u0105tku by\u0142a to &hellip;","og_url":"https:\/\/parafiajadwigi.waw.pl\/index.php\/wspolnoty\/grupa-sw-jozefa\/","og_site_name":"\u015aw. Jadwiga \u015al\u0105ska","article_modified_time":"2025-04-06T17:38:55+00:00","og_image":[{"width":920,"height":250,"url":"https:\/\/parafiajadwigi.waw.pl\/wp-content\/uploads\/2025\/04\/GRUPA-SW.-JOZEFA.png","type":"image\/png"}],"twitter_card":"summary_large_image","twitter_misc":{"Szacowany czas czytania":"2 minuty"},"schema":{"@context":"https:\/\/schema.org","@graph":[{"@type":"WebPage","@id":"https:\/\/parafiajadwigi.waw.pl\/index.php\/wspolnoty\/grupa-sw-jozefa\/","url":"https:\/\/parafiajadwigi.waw.pl\/index.php\/wspolnoty\/grupa-sw-jozefa\/","name":"GRUPA \u015aW. J\u00d3ZEFA - \u015aw. Jadwiga \u015al\u0105ska","isPartOf":{"@id":"https:\/\/parafiajadwigi.waw.pl\/#website"},"primaryImageOfPage":{"@id":"https:\/\/parafiajadwigi.waw.pl\/index.php\/wspolnoty\/grupa-sw-jozefa\/#primaryimage"},"image":{"@id":"https:\/\/parafiajadwigi.waw.pl\/index.php\/wspolnoty\/grupa-sw-jozefa\/#primaryimage"},"thumbnailUrl":"https:\/\/parafiajadwigi.waw.pl\/wp-content\/uploads\/2025\/04\/GRUPA-SW.-JOZEFA.png","datePublished":"2025-04-06T17:32:16+00:00","dateModified":"2025-04-06T17:38:55+00:00","breadcrumb":{"@id":"https:\/\/parafiajadwigi.waw.pl\/index.php\/wspolnoty\/grupa-sw-jozefa\/#breadcrumb"},"inLanguage":"pl-PL","potentialAction":[{"@type":"ReadAction","target":["https:\/\/parafiajadwigi.waw.pl\/index.php\/wspolnoty\/grupa-sw-jozefa\/"]}]},{"@type":"ImageObject","inLanguage":"pl-PL","@id":"https:\/\/parafiajadwigi.waw.pl\/index.php\/wspolnoty\/grupa-sw-jozefa\/#primaryimage","url":"https:\/\/parafiajadwigi.waw.pl\/wp-content\/uploads\/2025\/04\/GRUPA-SW.-JOZEFA.png","contentUrl":"https:\/\/parafiajadwigi.waw.pl\/wp-content\/uploads\/2025\/04\/GRUPA-SW.-JOZEFA.png","width":920,"height":250},{"@type":"BreadcrumbList","@id":"https:\/\/parafiajadwigi.waw.pl\/index.php\/wspolnoty\/grupa-sw-jozefa\/#breadcrumb","itemListElement":[{"@type":"ListItem","position":1,"name":"Strona g\u0142\u00f3wna","item":"https:\/\/parafiajadwigi.waw.pl\/"},{"@type":"ListItem","position":2,"name":"WSP\u00d3LNOTY","item":"https:\/\/parafiajadwigi.waw.pl\/index.php\/wspolnoty\/"},{"@type":"ListItem","position":3,"name":"GRUPA \u015aW. J\u00d3ZEFA"}]},{"@type":"WebSite","@id":"https:\/\/parafiajadwigi.waw.pl\/#website","url":"https:\/\/parafiajadwigi.waw.pl\/","name":"\u015aw. Jadwiga \u015al\u0105ska","description":"Witamy","publisher":{"@id":"https:\/\/parafiajadwigi.waw.pl\/#organization"},"potentialAction":[{"@type":"SearchAction","target":{"@type":"EntryPoint","urlTemplate":"https:\/\/parafiajadwigi.waw.pl\/?s={search_term_string}"},"query-input":{"@type":"PropertyValueSpecification","valueRequired":true,"valueName":"search_term_string"}}],"inLanguage":"pl-PL"},{"@type":"Organization","@id":"https:\/\/parafiajadwigi.waw.pl\/#organization","name":"Parafia \u015awi\u0119tej Jadwigi \u015alaskiej","url":"https:\/\/parafiajadwigi.waw.pl\/","logo":{"@type":"ImageObject","inLanguage":"pl-PL","@id":"https:\/\/parafiajadwigi.waw.pl\/#\/schema\/logo\/image\/","url":"https:\/\/parafiajadwigi.waw.pl\/wp-content\/uploads\/2017\/06\/logooo_Jadwiga.png","contentUrl":"https:\/\/parafiajadwigi.waw.pl\/wp-content\/uploads\/2017\/06\/logooo_Jadwiga.png","width":1640,"height":2808,"caption":"Parafia \u015awi\u0119tej Jadwigi \u015alaskiej"},"image":{"@id":"https:\/\/parafiajadwigi.waw.pl\/#\/schema\/logo\/image\/"}}]}},"_links":{"self":[{"href":"https:\/\/parafiajadwigi.waw.pl\/index.php\/wp-json\/wp\/v2\/pages\/14750","targetHints":{"allow":["GET"]}}],"collection":[{"href":"https:\/\/parafiajadwigi.waw.pl\/index.php\/wp-json\/wp\/v2\/pages"}],"about":[{"href":"https:\/\/parafiajadwigi.waw.pl\/index.php\/wp-json\/wp\/v2\/types\/page"}],"author":[{"embeddable":true,"href":"https:\/\/parafiajadwigi.waw.pl\/index.php\/wp-json\/wp\/v2\/users\/7"}],"replies":[{"embeddable":true,"href":"https:\/\/parafiajadwigi.waw.pl\/index.php\/wp-json\/wp\/v2\/comments?post=14750"}],"version-history":[{"count":4,"href":"https:\/\/parafiajadwigi.waw.pl\/index.php\/wp-json\/wp\/v2\/pages\/14750\/revisions"}],"predecessor-version":[{"id":14755,"href":"https:\/\/parafiajadwigi.waw.pl\/index.php\/wp-json\/wp\/v2\/pages\/14750\/revisions\/14755"}],"up":[{"embeddable":true,"href":"https:\/\/parafiajadwigi.waw.pl\/index.php\/wp-json\/wp\/v2\/pages\/12445"}],"wp:attachment":[{"href":"https:\/\/parafiajadwigi.waw.pl\/index.php\/wp-json\/wp\/v2\/media?parent=14750"}],"curies":[{"name":"wp","href":"https:\/\/api.w.org\/{rel}","templated":true}]}}