{"id":14723,"date":"2025-04-06T14:24:35","date_gmt":"2025-04-06T12:24:35","guid":{"rendered":"https:\/\/parafiajadwigi.waw.pl\/?page_id=14723"},"modified":"2025-04-06T14:27:48","modified_gmt":"2025-04-06T12:27:48","slug":"sluzba-liturgiczna","status":"publish","type":"page","link":"https:\/\/parafiajadwigi.waw.pl\/index.php\/wspolnoty\/sluzba-liturgiczna\/","title":{"rendered":"S\u0141U\u017bBA LITURGICZNA"},"content":{"rendered":"\t\t<div data-elementor-type=\"wp-page\" data-elementor-id=\"14723\" class=\"elementor elementor-14723\">\n\t\t\t\t\t\t<section class=\"elementor-section elementor-top-section elementor-element elementor-element-14b935d elementor-section-boxed elementor-section-height-default elementor-section-height-default\" data-id=\"14b935d\" data-element_type=\"section\" data-e-type=\"section\">\n\t\t\t\t\t\t<div class=\"elementor-container elementor-column-gap-default\">\n\t\t\t\t\t<div class=\"elementor-column elementor-col-100 elementor-top-column elementor-element elementor-element-6039682\" data-id=\"6039682\" data-element_type=\"column\" data-e-type=\"column\">\n\t\t\t<div class=\"elementor-widget-wrap elementor-element-populated\">\n\t\t\t\t\t\t<div class=\"elementor-element elementor-element-0adb19e elementor-widget elementor-widget-image\" data-id=\"0adb19e\" data-element_type=\"widget\" data-e-type=\"widget\" data-widget_type=\"image.default\">\n\t\t\t\t<div class=\"elementor-widget-container\">\n\t\t\t\t\t\t\t\t\t\t\t\t\t\t\t<img fetchpriority=\"high\" decoding=\"async\" width=\"920\" height=\"250\" src=\"https:\/\/parafiajadwigi.waw.pl\/wp-content\/uploads\/2025\/04\/SLUZBA-LITURGICZNA.png\" class=\"attachment-full size-full wp-image-14725\" alt=\"\" srcset=\"https:\/\/parafiajadwigi.waw.pl\/wp-content\/uploads\/2025\/04\/SLUZBA-LITURGICZNA.png 920w, https:\/\/parafiajadwigi.waw.pl\/wp-content\/uploads\/2025\/04\/SLUZBA-LITURGICZNA-300x82.png 300w, https:\/\/parafiajadwigi.waw.pl\/wp-content\/uploads\/2025\/04\/SLUZBA-LITURGICZNA-768x209.png 768w\" sizes=\"(max-width: 920px) 100vw, 920px\" \/>\t\t\t\t\t\t\t\t\t\t\t\t\t\t\t<\/div>\n\t\t\t\t<\/div>\n\t\t\t\t<div class=\"elementor-element elementor-element-a9c3eb6 elementor-widget elementor-widget-text-editor\" data-id=\"a9c3eb6\" data-element_type=\"widget\" data-e-type=\"widget\" data-widget_type=\"text-editor.default\">\n\t\t\t\t<div class=\"elementor-widget-container\">\n\t\t\t\t\t\t\t\t\t<p>S\u0142u\u017cba Liturgiczna w naszej parafii to grupa os\u00f3b o r\u00f3\u017cnym przekroju wiekowym, od siedmiolatk\u00f3w po osoby w dojrza\u0142ym wieku, nawet emerytalnym. W grupie s\u0105 r\u00f3wnie\u017c kobiety, kt\u00f3re do\u0142\u0105czy\u0142y do s\u0142u\u017cby o\u0142tarza w okresie pandemii C-19.<\/p><p>\u00a0<\/p><p>Niedzielne Msze \u015bw. o godzinie 12 (o ile jest zaplecze ministrant\u00f3w) s\u0105 wzbogacone procesj\u0105 i kadzid\u0142em. S\u0142u\u017cba Liturgiczna jest zawsze w gotowo\u015bci czytania S\u0142owa Bo\u017cego, modlitwy wiernych, czy za\u015bpiewania Psalmu responsoryjnego.<\/p><p>\u00a0<\/p><p>Przed Triduum Paschalnym organizowane s\u0105 zbi\u00f3rki maj\u0105ce na celu rozdysponowanie zada\u0144 i przeprowadzenie pr\u00f3b przed celebracj\u0105 najwi\u0119kszych misteri\u00f3w naszej wiary.<\/p><p>\u00a0<\/p><p>W miar\u0119 mo\u017cliwo\u015bci organizowane s\u0105 integracje jak np. wyprawy rowerowe z ogniskiem, spotkania, gry w ping ponga, lub spotkania na placu piknikowym przy pizzy.<\/p><p>\u00a0<\/p><p>W okresie Wielkiego Postu, w ramach zebrania funduszy, zbieramy si\u0119 wraz z schol\u0105 i robimy palmy wielkanocne.<\/p><p>\u00a0<\/p><p>Bardziej do\u015bwiadczeni bracia i siostry pomagaj\u0105 m\u0142odszym.<\/p><p>\u00a0<\/p><p>M\u0142odsi ministranci szybko ucz\u0105 si\u0119 i s\u0105 rado\u015bci\u0105 ca\u0142ej wsp\u00f3lnoty parafialnej.<\/p>\t\t\t\t\t\t\t\t<\/div>\n\t\t\t\t<\/div>\n\t\t\t\t<div class=\"elementor-element elementor-element-20ec540 elementor-widget elementor-widget-text-editor\" data-id=\"20ec540\" data-element_type=\"widget\" data-e-type=\"widget\" data-widget_type=\"text-editor.default\">\n\t\t\t\t<div class=\"elementor-widget-container\">\n\t\t\t\t\t\t\t\t\t<p><span style=\"color: #4053b3;\">Zapraszamy wcze\u015bniej i p\u00f3\u017aniej urodzonych do do\u0142\u0105czenia do s\u0142u\u017cby o\u0142tarza.<\/span><\/p>\t\t\t\t\t\t\t\t<\/div>\n\t\t\t\t<\/div>\n\t\t\t\t\t<\/div>\n\t\t<\/div>\n\t\t\t\t\t<\/div>\n\t\t<\/section>\n\t\t\t\t<\/div>\n\t\t","protected":false},"excerpt":{"rendered":"<p>S\u0142u\u017cba Liturgiczna w naszej parafii to grupa os\u00f3b o r\u00f3\u017cnym przekroju wiekowym, od siedmiolatk\u00f3w po osoby w dojrza\u0142ym wieku, nawet emerytalnym. W grupie s\u0105 r\u00f3wnie\u017c kobiety, kt\u00f3re do\u0142\u0105czy\u0142y do s\u0142u\u017cby o\u0142tarza w okresie pandemii &hellip;<\/p>\n","protected":false},"author":7,"featured_media":0,"parent":12445,"menu_order":0,"comment_status":"closed","ping_status":"closed","template":"","meta":{"footnotes":""},"class_list":["post-14723","page","type-page","status-publish","hentry"],"yoast_head":"<!-- This site is optimized with the Yoast SEO plugin v27.4 - https:\/\/yoast.com\/product\/yoast-seo-wordpress\/ -->\n<title>S\u0141U\u017bBA LITURGICZNA - \u015aw. Jadwiga \u015al\u0105ska<\/title>\n<meta name=\"robots\" content=\"index, follow, max-snippet:-1, max-image-preview:large, max-video-preview:-1\" \/>\n<link rel=\"canonical\" href=\"https:\/\/parafiajadwigi.waw.pl\/index.php\/wspolnoty\/sluzba-liturgiczna\/\" \/>\n<meta property=\"og:locale\" content=\"pl_PL\" \/>\n<meta property=\"og:type\" content=\"article\" \/>\n<meta property=\"og:title\" content=\"S\u0141U\u017bBA LITURGICZNA - \u015aw. Jadwiga \u015al\u0105ska\" \/>\n<meta property=\"og:description\" content=\"S\u0142u\u017cba Liturgiczna w naszej parafii to grupa os\u00f3b o r\u00f3\u017cnym przekroju wiekowym, od siedmiolatk\u00f3w po osoby w dojrza\u0142ym wieku, nawet emerytalnym. W grupie s\u0105 r\u00f3wnie\u017c kobiety, kt\u00f3re do\u0142\u0105czy\u0142y do s\u0142u\u017cby o\u0142tarza w okresie pandemii &hellip;\" \/>\n<meta property=\"og:url\" content=\"https:\/\/parafiajadwigi.waw.pl\/index.php\/wspolnoty\/sluzba-liturgiczna\/\" \/>\n<meta property=\"og:site_name\" content=\"\u015aw. Jadwiga \u015al\u0105ska\" \/>\n<meta property=\"article:modified_time\" content=\"2025-04-06T12:27:48+00:00\" \/>\n<meta property=\"og:image\" content=\"https:\/\/parafiajadwigi.waw.pl\/wp-content\/uploads\/2025\/04\/SLUZBA-LITURGICZNA.png\" \/>\n\t<meta property=\"og:image:width\" content=\"920\" \/>\n\t<meta property=\"og:image:height\" content=\"250\" \/>\n\t<meta property=\"og:image:type\" content=\"image\/png\" \/>\n<meta name=\"twitter:card\" content=\"summary_large_image\" \/>\n<meta name=\"twitter:label1\" content=\"Szacowany czas czytania\" \/>\n\t<meta name=\"twitter:data1\" content=\"2 minuty\" \/>\n<script type=\"application\/ld+json\" class=\"yoast-schema-graph\">{\"@context\":\"https:\\\/\\\/schema.org\",\"@graph\":[{\"@type\":\"WebPage\",\"@id\":\"https:\\\/\\\/parafiajadwigi.waw.pl\\\/index.php\\\/wspolnoty\\\/sluzba-liturgiczna\\\/\",\"url\":\"https:\\\/\\\/parafiajadwigi.waw.pl\\\/index.php\\\/wspolnoty\\\/sluzba-liturgiczna\\\/\",\"name\":\"S\u0141U\u017bBA LITURGICZNA - \u015aw. Jadwiga \u015al\u0105ska\",\"isPartOf\":{\"@id\":\"https:\\\/\\\/parafiajadwigi.waw.pl\\\/#website\"},\"primaryImageOfPage\":{\"@id\":\"https:\\\/\\\/parafiajadwigi.waw.pl\\\/index.php\\\/wspolnoty\\\/sluzba-liturgiczna\\\/#primaryimage\"},\"image\":{\"@id\":\"https:\\\/\\\/parafiajadwigi.waw.pl\\\/index.php\\\/wspolnoty\\\/sluzba-liturgiczna\\\/#primaryimage\"},\"thumbnailUrl\":\"https:\\\/\\\/parafiajadwigi.waw.pl\\\/wp-content\\\/uploads\\\/2025\\\/04\\\/SLUZBA-LITURGICZNA.png\",\"datePublished\":\"2025-04-06T12:24:35+00:00\",\"dateModified\":\"2025-04-06T12:27:48+00:00\",\"breadcrumb\":{\"@id\":\"https:\\\/\\\/parafiajadwigi.waw.pl\\\/index.php\\\/wspolnoty\\\/sluzba-liturgiczna\\\/#breadcrumb\"},\"inLanguage\":\"pl-PL\",\"potentialAction\":[{\"@type\":\"ReadAction\",\"target\":[\"https:\\\/\\\/parafiajadwigi.waw.pl\\\/index.php\\\/wspolnoty\\\/sluzba-liturgiczna\\\/\"]}]},{\"@type\":\"ImageObject\",\"inLanguage\":\"pl-PL\",\"@id\":\"https:\\\/\\\/parafiajadwigi.waw.pl\\\/index.php\\\/wspolnoty\\\/sluzba-liturgiczna\\\/#primaryimage\",\"url\":\"https:\\\/\\\/parafiajadwigi.waw.pl\\\/wp-content\\\/uploads\\\/2025\\\/04\\\/SLUZBA-LITURGICZNA.png\",\"contentUrl\":\"https:\\\/\\\/parafiajadwigi.waw.pl\\\/wp-content\\\/uploads\\\/2025\\\/04\\\/SLUZBA-LITURGICZNA.png\",\"width\":920,\"height\":250},{\"@type\":\"BreadcrumbList\",\"@id\":\"https:\\\/\\\/parafiajadwigi.waw.pl\\\/index.php\\\/wspolnoty\\\/sluzba-liturgiczna\\\/#breadcrumb\",\"itemListElement\":[{\"@type\":\"ListItem\",\"position\":1,\"name\":\"Strona g\u0142\u00f3wna\",\"item\":\"https:\\\/\\\/parafiajadwigi.waw.pl\\\/\"},{\"@type\":\"ListItem\",\"position\":2,\"name\":\"WSP\u00d3LNOTY\",\"item\":\"https:\\\/\\\/parafiajadwigi.waw.pl\\\/index.php\\\/wspolnoty\\\/\"},{\"@type\":\"ListItem\",\"position\":3,\"name\":\"S\u0141U\u017bBA LITURGICZNA\"}]},{\"@type\":\"WebSite\",\"@id\":\"https:\\\/\\\/parafiajadwigi.waw.pl\\\/#website\",\"url\":\"https:\\\/\\\/parafiajadwigi.waw.pl\\\/\",\"name\":\"\u015aw. Jadwiga \u015al\u0105ska\",\"description\":\"Witamy\",\"publisher\":{\"@id\":\"https:\\\/\\\/parafiajadwigi.waw.pl\\\/#organization\"},\"potentialAction\":[{\"@type\":\"SearchAction\",\"target\":{\"@type\":\"EntryPoint\",\"urlTemplate\":\"https:\\\/\\\/parafiajadwigi.waw.pl\\\/?s={search_term_string}\"},\"query-input\":{\"@type\":\"PropertyValueSpecification\",\"valueRequired\":true,\"valueName\":\"search_term_string\"}}],\"inLanguage\":\"pl-PL\"},{\"@type\":\"Organization\",\"@id\":\"https:\\\/\\\/parafiajadwigi.waw.pl\\\/#organization\",\"name\":\"Parafia \u015awi\u0119tej Jadwigi \u015alaskiej\",\"url\":\"https:\\\/\\\/parafiajadwigi.waw.pl\\\/\",\"logo\":{\"@type\":\"ImageObject\",\"inLanguage\":\"pl-PL\",\"@id\":\"https:\\\/\\\/parafiajadwigi.waw.pl\\\/#\\\/schema\\\/logo\\\/image\\\/\",\"url\":\"https:\\\/\\\/parafiajadwigi.waw.pl\\\/wp-content\\\/uploads\\\/2017\\\/06\\\/logooo_Jadwiga.png\",\"contentUrl\":\"https:\\\/\\\/parafiajadwigi.waw.pl\\\/wp-content\\\/uploads\\\/2017\\\/06\\\/logooo_Jadwiga.png\",\"width\":1640,\"height\":2808,\"caption\":\"Parafia \u015awi\u0119tej Jadwigi \u015alaskiej\"},\"image\":{\"@id\":\"https:\\\/\\\/parafiajadwigi.waw.pl\\\/#\\\/schema\\\/logo\\\/image\\\/\"}}]}<\/script>\n<!-- \/ Yoast SEO plugin. -->","yoast_head_json":{"title":"S\u0141U\u017bBA LITURGICZNA - \u015aw. Jadwiga \u015al\u0105ska","robots":{"index":"index","follow":"follow","max-snippet":"max-snippet:-1","max-image-preview":"max-image-preview:large","max-video-preview":"max-video-preview:-1"},"canonical":"https:\/\/parafiajadwigi.waw.pl\/index.php\/wspolnoty\/sluzba-liturgiczna\/","og_locale":"pl_PL","og_type":"article","og_title":"S\u0141U\u017bBA LITURGICZNA - \u015aw. Jadwiga \u015al\u0105ska","og_description":"S\u0142u\u017cba Liturgiczna w naszej parafii to grupa os\u00f3b o r\u00f3\u017cnym przekroju wiekowym, od siedmiolatk\u00f3w po osoby w dojrza\u0142ym wieku, nawet emerytalnym. W grupie s\u0105 r\u00f3wnie\u017c kobiety, kt\u00f3re do\u0142\u0105czy\u0142y do s\u0142u\u017cby o\u0142tarza w okresie pandemii &hellip;","og_url":"https:\/\/parafiajadwigi.waw.pl\/index.php\/wspolnoty\/sluzba-liturgiczna\/","og_site_name":"\u015aw. Jadwiga \u015al\u0105ska","article_modified_time":"2025-04-06T12:27:48+00:00","og_image":[{"width":920,"height":250,"url":"https:\/\/parafiajadwigi.waw.pl\/wp-content\/uploads\/2025\/04\/SLUZBA-LITURGICZNA.png","type":"image\/png"}],"twitter_card":"summary_large_image","twitter_misc":{"Szacowany czas czytania":"2 minuty"},"schema":{"@context":"https:\/\/schema.org","@graph":[{"@type":"WebPage","@id":"https:\/\/parafiajadwigi.waw.pl\/index.php\/wspolnoty\/sluzba-liturgiczna\/","url":"https:\/\/parafiajadwigi.waw.pl\/index.php\/wspolnoty\/sluzba-liturgiczna\/","name":"S\u0141U\u017bBA LITURGICZNA - \u015aw. Jadwiga \u015al\u0105ska","isPartOf":{"@id":"https:\/\/parafiajadwigi.waw.pl\/#website"},"primaryImageOfPage":{"@id":"https:\/\/parafiajadwigi.waw.pl\/index.php\/wspolnoty\/sluzba-liturgiczna\/#primaryimage"},"image":{"@id":"https:\/\/parafiajadwigi.waw.pl\/index.php\/wspolnoty\/sluzba-liturgiczna\/#primaryimage"},"thumbnailUrl":"https:\/\/parafiajadwigi.waw.pl\/wp-content\/uploads\/2025\/04\/SLUZBA-LITURGICZNA.png","datePublished":"2025-04-06T12:24:35+00:00","dateModified":"2025-04-06T12:27:48+00:00","breadcrumb":{"@id":"https:\/\/parafiajadwigi.waw.pl\/index.php\/wspolnoty\/sluzba-liturgiczna\/#breadcrumb"},"inLanguage":"pl-PL","potentialAction":[{"@type":"ReadAction","target":["https:\/\/parafiajadwigi.waw.pl\/index.php\/wspolnoty\/sluzba-liturgiczna\/"]}]},{"@type":"ImageObject","inLanguage":"pl-PL","@id":"https:\/\/parafiajadwigi.waw.pl\/index.php\/wspolnoty\/sluzba-liturgiczna\/#primaryimage","url":"https:\/\/parafiajadwigi.waw.pl\/wp-content\/uploads\/2025\/04\/SLUZBA-LITURGICZNA.png","contentUrl":"https:\/\/parafiajadwigi.waw.pl\/wp-content\/uploads\/2025\/04\/SLUZBA-LITURGICZNA.png","width":920,"height":250},{"@type":"BreadcrumbList","@id":"https:\/\/parafiajadwigi.waw.pl\/index.php\/wspolnoty\/sluzba-liturgiczna\/#breadcrumb","itemListElement":[{"@type":"ListItem","position":1,"name":"Strona g\u0142\u00f3wna","item":"https:\/\/parafiajadwigi.waw.pl\/"},{"@type":"ListItem","position":2,"name":"WSP\u00d3LNOTY","item":"https:\/\/parafiajadwigi.waw.pl\/index.php\/wspolnoty\/"},{"@type":"ListItem","position":3,"name":"S\u0141U\u017bBA LITURGICZNA"}]},{"@type":"WebSite","@id":"https:\/\/parafiajadwigi.waw.pl\/#website","url":"https:\/\/parafiajadwigi.waw.pl\/","name":"\u015aw. Jadwiga \u015al\u0105ska","description":"Witamy","publisher":{"@id":"https:\/\/parafiajadwigi.waw.pl\/#organization"},"potentialAction":[{"@type":"SearchAction","target":{"@type":"EntryPoint","urlTemplate":"https:\/\/parafiajadwigi.waw.pl\/?s={search_term_string}"},"query-input":{"@type":"PropertyValueSpecification","valueRequired":true,"valueName":"search_term_string"}}],"inLanguage":"pl-PL"},{"@type":"Organization","@id":"https:\/\/parafiajadwigi.waw.pl\/#organization","name":"Parafia \u015awi\u0119tej Jadwigi \u015alaskiej","url":"https:\/\/parafiajadwigi.waw.pl\/","logo":{"@type":"ImageObject","inLanguage":"pl-PL","@id":"https:\/\/parafiajadwigi.waw.pl\/#\/schema\/logo\/image\/","url":"https:\/\/parafiajadwigi.waw.pl\/wp-content\/uploads\/2017\/06\/logooo_Jadwiga.png","contentUrl":"https:\/\/parafiajadwigi.waw.pl\/wp-content\/uploads\/2017\/06\/logooo_Jadwiga.png","width":1640,"height":2808,"caption":"Parafia \u015awi\u0119tej Jadwigi \u015alaskiej"},"image":{"@id":"https:\/\/parafiajadwigi.waw.pl\/#\/schema\/logo\/image\/"}}]}},"_links":{"self":[{"href":"https:\/\/parafiajadwigi.waw.pl\/index.php\/wp-json\/wp\/v2\/pages\/14723","targetHints":{"allow":["GET"]}}],"collection":[{"href":"https:\/\/parafiajadwigi.waw.pl\/index.php\/wp-json\/wp\/v2\/pages"}],"about":[{"href":"https:\/\/parafiajadwigi.waw.pl\/index.php\/wp-json\/wp\/v2\/types\/page"}],"author":[{"embeddable":true,"href":"https:\/\/parafiajadwigi.waw.pl\/index.php\/wp-json\/wp\/v2\/users\/7"}],"replies":[{"embeddable":true,"href":"https:\/\/parafiajadwigi.waw.pl\/index.php\/wp-json\/wp\/v2\/comments?post=14723"}],"version-history":[{"count":10,"href":"https:\/\/parafiajadwigi.waw.pl\/index.php\/wp-json\/wp\/v2\/pages\/14723\/revisions"}],"predecessor-version":[{"id":14735,"href":"https:\/\/parafiajadwigi.waw.pl\/index.php\/wp-json\/wp\/v2\/pages\/14723\/revisions\/14735"}],"up":[{"embeddable":true,"href":"https:\/\/parafiajadwigi.waw.pl\/index.php\/wp-json\/wp\/v2\/pages\/12445"}],"wp:attachment":[{"href":"https:\/\/parafiajadwigi.waw.pl\/index.php\/wp-json\/wp\/v2\/media?parent=14723"}],"curies":[{"name":"wp","href":"https:\/\/api.w.org\/{rel}","templated":true}]}}